{"id":112,"date":"2015-06-08T00:29:34","date_gmt":"2015-06-07T22:29:34","guid":{"rendered":"http:\/\/vecses.vaciegyhazmegye.hu\/vecses-irgalmas.vaciegyhazmegye.hu\/?page_id=112"},"modified":"2020-04-08T16:39:15","modified_gmt":"2020-04-08T14:39:15","slug":"papjaink","status":"publish","type":"page","link":"https:\/\/vecses-irgalmas.vaciegyhazmegye.hu\/?page_id=112","title":{"rendered":"papjaink"},"content":{"rendered":"<p><span style=\"color: #ff0000;\"><em>Egyh\u00e1zk\u00f6zs\u00e9g\u00fcnkben 1936. november\u00e9t\u0151l folyik az anyak\u00f6nyvek vezet\u00e9se,<br \/>\n1940. \u00e1prilis 1-<\/em><em>t\u0151l egyh\u00e1zk\u00f6zs\u00e9g\u00fcnk \u00f6n\u00e1ll\u00f3 lelk\u00e9szs\u00e9g lett.<\/em><\/span><\/p>\n<p>Papjaink:<\/p>\n<table width=\"671\">\n<tbody>\n<tr>\n<td width=\"42\">1.\/<\/td>\n<td width=\"163\">Tihanyi Mikl\u00f3s<\/td>\n<td width=\"262\">hitoktat\u00f3 lelk\u00e9sz<\/td>\n<td width=\"204\">1936- 1937-ig<\/td>\n<\/tr>\n<tr>\n<td width=\"42\">2.\/<\/td>\n<td width=\"163\">Palla B\u00e9la<\/td>\n<td width=\"262\">pl\u00e9b\u00e1nos<\/td>\n<td width=\"204\">1937- 1947-ig<\/td>\n<\/tr>\n<tr>\n<td width=\"42\">3.\/<\/td>\n<td width=\"163\">Walkovszky L\u00e1szl\u00f3<\/td>\n<td width=\"262\">adminisztr\u00e1tor<\/td>\n<td width=\"204\">1947- 1948-ig<\/td>\n<\/tr>\n<tr>\n<td width=\"42\">4.\/<\/td>\n<td width=\"163\">Kov\u00e1cs Alajos<\/td>\n<td width=\"262\">pl\u00e9b\u00e1nos<\/td>\n<td width=\"204\">1948- 1955-ig<\/td>\n<\/tr>\n<tr>\n<td width=\"42\">5.\/<\/td>\n<td width=\"163\">Gul\u00e1s Mikl\u00f3s<\/td>\n<td width=\"262\">ny. t\u00e1bori lelk\u00e9sz<\/td>\n<td width=\"204\">1948- 1956-ig<\/td>\n<\/tr>\n<tr>\n<td width=\"42\">6.\/<\/td>\n<td width=\"163\">Bogn\u00e1r Ferenc<\/td>\n<td width=\"262\">adm. pl\u00e9b\u00e1nos<\/td>\n<td width=\"204\">1955- 1986-ig<\/td>\n<\/tr>\n<tr>\n<td width=\"42\">7.\/<\/td>\n<td width=\"163\">Fila B\u00e9la<\/td>\n<td width=\"262\">k\u00e1pl\u00e1n<\/td>\n<td width=\"204\">1958- 1959-ig<\/td>\n<\/tr>\n<tr>\n<td width=\"42\">8.\/<\/td>\n<td width=\"163\">Mozsgai J\u00f3zsef<\/td>\n<td width=\"262\">k\u00e1pl\u00e1n<\/td>\n<td width=\"204\">1959- 1964-ig<\/td>\n<\/tr>\n<tr>\n<td width=\"42\">9.\/<\/td>\n<td width=\"163\">Kov\u00e1cs Imre<\/td>\n<td width=\"262\">k\u00e1pl\u00e1n<\/td>\n<td width=\"204\">1964- 1967-ig<\/td>\n<\/tr>\n<tr>\n<td width=\"42\">10.\/<\/td>\n<td width=\"163\">Fila Lajos<\/td>\n<td width=\"262\">k\u00e1pl\u00e1n<\/td>\n<td width=\"204\">1967- 1968-ig<\/td>\n<\/tr>\n<tr>\n<td width=\"42\">11.\/<\/td>\n<td width=\"163\">L\u0151rinci Ferenc<\/td>\n<td width=\"262\">k\u00e1pl\u00e1n<\/td>\n<td width=\"204\">1968- 1969-ig<\/td>\n<\/tr>\n<tr>\n<td width=\"42\">12.\/<\/td>\n<td width=\"163\">B\u00fckk L\u00e1szl\u00f3<\/td>\n<td width=\"262\">k\u00e1pl\u00e1n<\/td>\n<td width=\"204\">1969- 1971-ig<\/td>\n<\/tr>\n<tr>\n<td width=\"42\">13.\/<\/td>\n<td width=\"163\">Ferencz Istv\u00e1n<\/td>\n<td width=\"262\">k\u00e1pl\u00e1n<\/td>\n<td width=\"204\">1971- 1972-ig<\/td>\n<\/tr>\n<tr>\n<td width=\"42\">14.\/<\/td>\n<td width=\"163\">Csorba J\u00f3zsef<\/td>\n<td width=\"262\">k\u00e1pl\u00e1n<\/td>\n<td width=\"204\">1972- 1975-ig<\/td>\n<\/tr>\n<tr>\n<td width=\"42\">15.\/<\/td>\n<td width=\"163\">Varga Istv\u00e1n<\/td>\n<td width=\"262\">k\u00e1pl\u00e1n<\/td>\n<td width=\"204\">1975- 1976-ig<\/td>\n<\/tr>\n<tr>\n<td width=\"42\">16.\/<\/td>\n<td width=\"163\">Vlad\u00e1r Ferenc<\/td>\n<td width=\"262\">k\u00e1pl\u00e1n<\/td>\n<td width=\"204\">1976- 1977-ig<\/td>\n<\/tr>\n<tr>\n<td width=\"42\">17.\/<\/td>\n<td width=\"163\">Mikl\u00f3s J\u00e1nos<\/td>\n<td width=\"262\">k\u00e1pl\u00e1n<\/td>\n<td width=\"204\">1977- 1984-ig<\/td>\n<\/tr>\n<tr>\n<td width=\"42\"><\/td>\n<td width=\"163\"><\/td>\n<td width=\"262\">pl\u00e9b\u00e1nos<\/td>\n<td width=\"204\">1985- 1989-ig<\/td>\n<\/tr>\n<tr>\n<td width=\"42\">18.\/<\/td>\n<td width=\"163\">Hefler G\u00e1bor<\/td>\n<td width=\"262\">pl\u00e9b\u00e1nos<\/td>\n<td width=\"204\">1989- 1991-ig<\/td>\n<\/tr>\n<tr>\n<td width=\"42\">19.\/<\/td>\n<td width=\"163\">Kov\u00e1cs J\u00f3zsef<\/td>\n<td width=\"262\">ny. pl\u00e9b\u00e1nos<\/td>\n<td width=\"204\">1991- 1992-ig<\/td>\n<\/tr>\n<tr>\n<td width=\"42\">20.\/<\/td>\n<td width=\"163\">J\u00f3zefowicz M\u00e1ty\u00e1s<\/td>\n<td width=\"262\">kiseg\u00edt\u0151 lelk\u00e9sz<\/td>\n<td width=\"204\">1992- 2005.07.31-ig<\/td>\n<\/tr>\n<tr>\n<td><\/td>\n<td colspan=\"2\">Szigetv\u00e1ri Imre fels\u0151telepi pl\u00e9b\u00e1nos fel\u00fcgyelete alatt<\/td>\n<td width=\"204\"><\/td>\n<\/tr>\n<tr>\n<td width=\"42\">21.\/<\/td>\n<td width=\"163\">K\u00e1poszt\u00e1ssy B\u00e9la<\/td>\n<td width=\"262\">pl\u00e9b\u00e1niai korm\u00e1nyz\u00f3<\/td>\n<td width=\"204\">2005.08.01-t\u0151l<\/td>\n<\/tr>\n<tr>\n<td width=\"42\"><\/td>\n<td width=\"163\">\u00e9s Pet\u0151 G\u00e1bor<\/td>\n<td width=\"262\">k\u00e1pl\u00e1n<\/td>\n<td width=\"204\">2006.08.31-ig<\/td>\n<\/tr>\n<tr>\n<td width=\"42\">22.\/<\/td>\n<td width=\"163\">Varga P\u00e9ter<\/td>\n<td width=\"262\">pl\u00e9b\u00e1nos (<a href=\"http:\/\/eljvele.hu\" target=\"_blank\" rel=\"noopener noreferrer\">honlap<\/a>)<\/td>\n<td width=\"204\">2006.09.01-2015.05.17<\/td>\n<\/tr>\n<tr>\n<td width=\"42\">23.\/<\/td>\n<td width=\"163\">dr.Huszka Mih\u00e1ly<\/td>\n<td width=\"262\">pl\u00e9b\u00e1nos (<a href=\"http:\/\/vecses-ovaros.vaciegyhazmegye.hu\/elerhetoseg.htm\" target=\"_blank\" rel=\"noopener noreferrer\">honlap<\/a>)<\/td>\n<td width=\"204\">2015.05-17-2016.09.01<\/td>\n<\/tr>\n<\/tbody>\n<\/table>\n","protected":false},"excerpt":{"rendered":"<p>Egyh\u00e1zk\u00f6zs\u00e9g\u00fcnkben 1936. november\u00e9t\u0151l folyik az anyak\u00f6nyvek vezet\u00e9se, 1940. \u00e1prilis 1-t\u0151l egyh\u00e1zk\u00f6zs\u00e9g\u00fcnk \u00f6n\u00e1ll\u00f3 lelk\u00e9szs\u00e9g lett. Papjaink: 1.\/ Tihanyi Mikl\u00f3s hitoktat\u00f3 lelk\u00e9sz 1936- 1937-ig 2.\/ Palla B\u00e9la pl\u00e9b\u00e1nos 1937- 1947-ig 3.\/ Walkovszky L\u00e1szl\u00f3 adminisztr\u00e1tor 1947- 1948-ig 4.\/ Kov\u00e1cs Alajos pl\u00e9b\u00e1nos 1948- 1955-ig <a class=\"more-link\" href=\"https:\/\/vecses-irgalmas.vaciegyhazmegye.hu\/?page_id=112\">Tov\u00e1bb <span class=\"screen-reader-text\">  papjaink<\/span><span class=\"meta-nav\">&rarr;<\/span><\/a><\/p>\n","protected":false},"author":1,"featured_media":0,"parent":0,"menu_order":0,"comment_status":"closed","ping_status":"open","template":"","meta":[],"_links":{"self":[{"href":"https:\/\/vecses-irgalmas.vaciegyhazmegye.hu\/index.php?rest_route=\/wp\/v2\/pages\/112"}],"collection":[{"href":"https:\/\/vecses-irgalmas.vaciegyhazmegye.hu\/index.php?rest_route=\/wp\/v2\/pages"}],"about":[{"href":"https:\/\/vecses-irgalmas.vaciegyhazmegye.hu\/index.php?rest_route=\/wp\/v2\/types\/page"}],"author":[{"embeddable":true,"href":"https:\/\/vecses-irgalmas.vaciegyhazmegye.hu\/index.php?rest_route=\/wp\/v2\/users\/1"}],"replies":[{"embeddable":true,"href":"https:\/\/vecses-irgalmas.vaciegyhazmegye.hu\/index.php?rest_route=%2Fwp%2Fv2%2Fcomments&post=112"}],"version-history":[{"count":4,"href":"https:\/\/vecses-irgalmas.vaciegyhazmegye.hu\/index.php?rest_route=\/wp\/v2\/pages\/112\/revisions"}],"predecessor-version":[{"id":457,"href":"https:\/\/vecses-irgalmas.vaciegyhazmegye.hu\/index.php?rest_route=\/wp\/v2\/pages\/112\/revisions\/457"}],"wp:attachment":[{"href":"https:\/\/vecses-irgalmas.vaciegyhazmegye.hu\/index.php?rest_route=%2Fwp%2Fv2%2Fmedia&parent=112"}],"curies":[{"name":"wp","href":"https:\/\/api.w.org\/{rel}","templated":true}]}}