{"id":239,"date":"2016-01-21T14:39:29","date_gmt":"2016-01-21T12:39:29","guid":{"rendered":"http:\/\/vecses-irgalmas.vaciegyhazmegye.hu\/?page_id=239"},"modified":"2016-01-23T20:27:13","modified_gmt":"2016-01-23T18:27:13","slug":"239-2","status":"publish","type":"page","link":"https:\/\/vecses-irgalmas.vaciegyhazmegye.hu\/?page_id=239","title":{"rendered":"h\u00edrleveleink"},"content":{"rendered":"<h2 style=\"text-align: center;\"><span style=\"font-size: 14pt;\"><b><span style=\"color: #ff00ff;\">H\u00edrleveleink<\/span><\/b><\/span><\/h2>\n<p>Aktu\u00e1lis tal\u00e1lkoz\u00e1saink id\u0151pontjait stb. megtal\u00e1lhatja a nyomtatott h\u00edrlevelekben, melyeket itt d\u00e1tum szerint megtal\u00e1lhat \u00e9s megnyithat:<\/p>\n<div class=\"prettyFileList\"  data-filesperpage=\"5\"><div class=\"prettyFileBar\"><div class=\"prettyFileFilters\"><ul class=\"unstyled\"><li><a href=\"\" data-filter-type=\"img\" class=\"imgFilter img showing\">Image<\/a><\/li><li><a href=\"\" data-filter-type=\"pdf\" class=\"pdfFilter pdf showing\">PDF<\/a><\/li><li><a href=\"\" data-filter-type=\"xls\" class=\"xlsFilter xls showing\">Excel<\/a><\/li><li><a href=\"\" data-filter-type=\"doc\" class=\"docFilter doc showing\">Word<\/a><\/li><li><a href=\"\" data-filter-type=\"ppt\" class=\"pptFilter ppt showing\">Powerpoint<\/a><\/li><li><a href=\"\" data-filter-type=\"zip\" class=\"zipFilter zip showing\">Zip<\/a><\/li><li><a href=\"\" data-filter-type=\"mp3\" class=\"mp3Filter mp3 showing\">MP3<\/a><\/li><li><a href=\"\" data-filter-type=\"mp4\" class=\"mp4Filter mp4 showing\">MP4<\/a><\/li><\/ul><p class=\"bar\"><a href=\"#\" class=\"cross\">Close<\/a><\/p><\/div><div class=\"prettyFileSorting\" style=\"right:0\"><ul class=\"unstyled\"><li><a href=\"\" data-sort-type=\"bydate\" data-sort-direction=\"asc\" class=\"asc\">By Date<\/a><\/li><li><a href=\"\" data-sort-type=\"bytitle\">By Name<\/a><\/li><li><a href=\"\" data-sort-type=\"bytype\" class=\"\">By Type<\/a><\/li><\/ul><p class=\"bar\"><a href=\"#\" class=\"cross\">Close<\/a><\/p><\/div><\/div><div class=\"prettyMessage\" style=\"display:none\"><span><\/span><a href=\"#\" class=\"btn\">Show all files<\/a><\/div><div class=\"prettyListItems loading\"><a href=\"https:\/\/vecses-irgalmas.vaciegyhazmegye.hu\/wp-content\/uploads\/2019\/12\/2019.12.15..pdf\" class=\"pdf prettylink corePrettyStyle\"  target=\"_blank\" data-tags=\"hirlevel\" data-date=\"1576536105\"> <span class=\"fileTitle\">2019.12.15.<\/span> <\/a><a href=\"https:\/\/vecses-irgalmas.vaciegyhazmegye.hu\/wp-content\/uploads\/2019\/12\/2019.12.08..pdf\" class=\"pdf prettylink corePrettyStyle\"  target=\"_blank\" data-tags=\"hirlevel\" data-date=\"1576536092\"> <span class=\"fileTitle\">2019.12.08.<\/span> <\/a><a href=\"https:\/\/vecses-irgalmas.vaciegyhazmegye.hu\/wp-content\/uploads\/2019\/09\/2019.09.22.pdf\" class=\"pdf prettylink corePrettyStyle\"  target=\"_blank\" data-tags=\"hirlevel\" data-date=\"1569167745\"> <span class=\"fileTitle\">2019.09.22<\/span> <\/a><a href=\"https:\/\/vecses-irgalmas.vaciegyhazmegye.hu\/wp-content\/uploads\/2019\/09\/2019.09.15..pdf\" class=\"pdf prettylink corePrettyStyle\"  target=\"_blank\" data-tags=\"hirlevel\" data-date=\"1568747629\"> <span class=\"fileTitle\">2019.09.15.<\/span> <\/a><a href=\"https:\/\/vecses-irgalmas.vaciegyhazmegye.hu\/wp-content\/uploads\/2019\/06\/2019.06.30..pdf\" class=\"pdf prettylink corePrettyStyle\"  target=\"_blank\" data-tags=\"hirlevel\" data-date=\"1561903828\"> <span class=\"fileTitle\">2019.06.30.<\/span> <\/a><a href=\"https:\/\/vecses-irgalmas.vaciegyhazmegye.hu\/wp-content\/uploads\/2019\/06\/2019.06.16.pdf\" class=\"pdf prettylink corePrettyStyle\"  target=\"_blank\" data-tags=\"hirlevel\" data-date=\"1560704432\"> <span class=\"fileTitle\">2019.06.16<\/span> <\/a><a href=\"https:\/\/vecses-irgalmas.vaciegyhazmegye.hu\/wp-content\/uploads\/2019\/06\/2019.06.10.pdf\" class=\"pdf prettylink corePrettyStyle\"  target=\"_blank\" data-tags=\"hirlevel\" data-date=\"1560030867\"> <span class=\"fileTitle\">2019.06.10<\/span> <\/a><a href=\"https:\/\/vecses-irgalmas.vaciegyhazmegye.hu\/wp-content\/uploads\/2019\/06\/2019.06.02.pdf\" class=\"pdf prettylink corePrettyStyle\"  target=\"_blank\" data-tags=\"hirlevel\" data-date=\"1559478075\"> <span class=\"fileTitle\">2019.06.02<\/span> <\/a><a href=\"https:\/\/vecses-irgalmas.vaciegyhazmegye.hu\/wp-content\/uploads\/2019\/05\/2019.05.26..pdf\" class=\"pdf prettylink corePrettyStyle\"  target=\"_blank\" data-tags=\"hirlevel\" data-date=\"1559165450\"> <span class=\"fileTitle\">2019.05.26.<\/span> <\/a><a href=\"https:\/\/vecses-irgalmas.vaciegyhazmegye.hu\/wp-content\/uploads\/2019\/05\/2019.04.28.pdf\" class=\"pdf prettylink corePrettyStyle\"  target=\"_blank\" data-tags=\"hirlevel\" data-date=\"1556976291\"> <span class=\"fileTitle\">2019.04.28<\/span> <\/a><a href=\"https:\/\/vecses-irgalmas.vaciegyhazmegye.hu\/wp-content\/uploads\/2019\/05\/2019.-04.-14..pdf\" class=\"pdf prettylink corePrettyStyle\"  target=\"_blank\" data-tags=\"hirlevel\" data-date=\"1556976759\"> <span class=\"fileTitle\">2019.04.14.<\/span> <\/a><a href=\"https:\/\/vecses-irgalmas.vaciegyhazmegye.hu\/wp-content\/uploads\/2016\/10\/2016.09.25..pdf\" class=\"pdf prettylink corePrettyStyle\"  target=\"_blank\" data-tags=\"hirlevel\" data-date=\"1475942057\"> <span class=\"fileTitle\">2016.09.25<\/span> <\/a><a href=\"https:\/\/vecses-irgalmas.vaciegyhazmegye.hu\/wp-content\/uploads\/2016\/10\/2016.09.18..pdf\" class=\"pdf prettylink corePrettyStyle\"  target=\"_blank\" data-tags=\"hirlevel\" data-date=\"1475942014\"> <span class=\"fileTitle\">2016.09.18<\/span> <\/a><a href=\"https:\/\/vecses-irgalmas.vaciegyhazmegye.hu\/wp-content\/uploads\/2016\/09\/2016.09.11..pdf\" class=\"pdf prettylink corePrettyStyle\"  target=\"_blank\" data-tags=\"hirlevel\" data-date=\"1473969891\"> <span class=\"fileTitle\">2016.09.11.<\/span> <\/a><a href=\"https:\/\/vecses-irgalmas.vaciegyhazmegye.hu\/wp-content\/uploads\/2016\/09\/2016.09.03..pdf\" class=\"pdf prettylink corePrettyStyle\"  target=\"_blank\" data-tags=\"hirlevel\" data-date=\"1472946164\"> <span class=\"fileTitle\">2016.09.03.<\/span> <\/a><a href=\"https:\/\/vecses-irgalmas.vaciegyhazmegye.hu\/wp-content\/uploads\/2016\/09\/2016.08.28..pdf\" class=\"pdf prettylink corePrettyStyle\"  target=\"_blank\" data-tags=\"hirlevel\" data-date=\"1472946137\"> <span class=\"fileTitle\">2016.08.28.<\/span> <\/a><a href=\"https:\/\/vecses-irgalmas.vaciegyhazmegye.hu\/wp-content\/uploads\/2016\/09\/2016.08.21..pdf\" class=\"pdf prettylink corePrettyStyle\"  target=\"_blank\" data-tags=\"hirlevel\" data-date=\"1472946111\"> <span class=\"fileTitle\">2016.08.21.<\/span> <\/a><a href=\"https:\/\/vecses-irgalmas.vaciegyhazmegye.hu\/wp-content\/uploads\/2016\/09\/2016.08.14..pdf\" class=\"pdf prettylink corePrettyStyle\"  target=\"_blank\" data-tags=\"hirlevel\" data-date=\"1472946085\"> <span class=\"fileTitle\">2016.08.14.<\/span> <\/a><a href=\"https:\/\/vecses-irgalmas.vaciegyhazmegye.hu\/wp-content\/uploads\/2016\/09\/2016.08.07..pdf\" class=\"pdf prettylink corePrettyStyle\"  target=\"_blank\" data-tags=\"hirlevel\" data-date=\"1472946054\"> <span class=\"fileTitle\">2016.08.07.<\/span> <\/a><a href=\"https:\/\/vecses-irgalmas.vaciegyhazmegye.hu\/wp-content\/uploads\/2016\/09\/2016.07.31..pdf\" class=\"pdf prettylink corePrettyStyle\"  target=\"_blank\" data-tags=\"hirlevel\" data-date=\"1472946026\"> <span class=\"fileTitle\">2016.07.31.<\/span> <\/a><a href=\"https:\/\/vecses-irgalmas.vaciegyhazmegye.hu\/wp-content\/uploads\/2016\/09\/2016.07.24..pdf\" class=\"pdf prettylink corePrettyStyle\"  target=\"_blank\" data-tags=\"hirlevel\" data-date=\"1472946005\"> <span class=\"fileTitle\">2016.07.24.<\/span> <\/a><a href=\"https:\/\/vecses-irgalmas.vaciegyhazmegye.hu\/wp-content\/uploads\/2016\/09\/2016.06.12..pdf\" class=\"pdf prettylink corePrettyStyle\"  target=\"_blank\" data-tags=\"hirlevel\" data-date=\"1472945977\"> <span class=\"fileTitle\">2016.06.12.<\/span> <\/a><a href=\"https:\/\/vecses-irgalmas.vaciegyhazmegye.hu\/wp-content\/uploads\/2016\/09\/2016.06.05..pdf\" class=\"pdf prettylink corePrettyStyle\"  target=\"_blank\" data-tags=\"hirlevel\" data-date=\"1472945939\"> <span class=\"fileTitle\">2016.06.05.<\/span> <\/a><a href=\"https:\/\/vecses-irgalmas.vaciegyhazmegye.hu\/wp-content\/uploads\/2016\/06\/2016.05.29..pdf\" class=\"pdf prettylink corePrettyStyle\"  target=\"_blank\" data-tags=\"hirlevel\" data-date=\"1464779710\"> <span class=\"fileTitle\">2016.05.29.<\/span> <\/a><a href=\"https:\/\/vecses-irgalmas.vaciegyhazmegye.hu\/wp-content\/uploads\/2016\/05\/2016.05.22..pdf\" class=\"pdf prettylink corePrettyStyle\"  target=\"_blank\" data-tags=\"hirlevel\" data-date=\"1463997620\"> <span class=\"fileTitle\">2016.05.22.<\/span> <\/a><a href=\"https:\/\/vecses-irgalmas.vaciegyhazmegye.hu\/wp-content\/uploads\/2016\/05\/2016.05.15..pdf\" class=\"pdf prettylink corePrettyStyle\"  target=\"_blank\" data-tags=\"hirlevel\" data-date=\"1463997608\"> <span class=\"fileTitle\">2016.05.15.<\/span> <\/a><a href=\"https:\/\/vecses-irgalmas.vaciegyhazmegye.hu\/wp-content\/uploads\/2016\/05\/2016.05.08..pdf\" class=\"pdf prettylink corePrettyStyle\"  target=\"_blank\" data-tags=\"hirlevel\" data-date=\"1463997590\"> <span class=\"fileTitle\">2016.05.08.<\/span> <\/a><a href=\"https:\/\/vecses-irgalmas.vaciegyhazmegye.hu\/wp-content\/uploads\/2016\/05\/2016.05.01..pdf\" class=\"pdf prettylink corePrettyStyle\"  target=\"_blank\" data-tags=\"hirlevel\" data-date=\"1462469326\"> <span class=\"fileTitle\">2016.05.01.<\/span> <\/a><a href=\"https:\/\/vecses-irgalmas.vaciegyhazmegye.hu\/wp-content\/uploads\/2016\/05\/2016.04.24..pdf\" class=\"pdf prettylink corePrettyStyle\"  target=\"_blank\" data-tags=\"hirlevel\" data-date=\"1462469314\"> <span class=\"fileTitle\">2016.04.24.<\/span> <\/a><a href=\"https:\/\/vecses-irgalmas.vaciegyhazmegye.hu\/wp-content\/uploads\/2016\/05\/2016.04.10..pdf\" class=\"pdf prettylink corePrettyStyle\"  target=\"_blank\" data-tags=\"hirlevel\" data-date=\"1462469302\"> <span class=\"fileTitle\">2016.04.10.<\/span> <\/a><a href=\"https:\/\/vecses-irgalmas.vaciegyhazmegye.hu\/wp-content\/uploads\/2016\/05\/2016.04.03..pdf\" class=\"pdf prettylink corePrettyStyle\"  target=\"_blank\" data-tags=\"hirlevel\" data-date=\"1462469289\"> <span class=\"fileTitle\">2016.04.03.<\/span> <\/a><a href=\"https:\/\/vecses-irgalmas.vaciegyhazmegye.hu\/wp-content\/uploads\/2016\/05\/2016.03.27..pdf\" class=\"pdf prettylink corePrettyStyle\"  target=\"_blank\" data-tags=\"hirlevel\" data-date=\"1462469278\"> <span class=\"fileTitle\">2016.03.27.<\/span> <\/a><a href=\"https:\/\/vecses-irgalmas.vaciegyhazmegye.hu\/wp-content\/uploads\/2016\/05\/2016.03.13..pdf\" class=\"pdf prettylink corePrettyStyle\"  target=\"_blank\" data-tags=\"hirlevel\" data-date=\"1462469255\"> <span class=\"fileTitle\">2016.03.13.<\/span> <\/a><a href=\"https:\/\/vecses-irgalmas.vaciegyhazmegye.hu\/wp-content\/uploads\/2016\/05\/2016.03.06..pdf\" class=\"pdf prettylink corePrettyStyle\"  target=\"_blank\" data-tags=\"hirlevel\" data-date=\"1462469244\"> <span class=\"fileTitle\">2016.03.06.<\/span> <\/a><a href=\"https:\/\/vecses-irgalmas.vaciegyhazmegye.hu\/wp-content\/uploads\/2016\/02\/2016.02.28..pdf\" class=\"pdf prettylink corePrettyStyle\"  target=\"_blank\" data-tags=\"hirlevel\" data-date=\"1456603232\"> <span class=\"fileTitle\">2016.02.28.<\/span> <\/a><a href=\"https:\/\/vecses-irgalmas.vaciegyhazmegye.hu\/wp-content\/uploads\/2016\/02\/2016.02.21..pdf\" class=\"pdf prettylink corePrettyStyle\"  target=\"_blank\" data-tags=\"hirlevel\" data-date=\"1456599762\"> <span class=\"fileTitle\">2016.02.21.<\/span> <\/a><a href=\"https:\/\/vecses-irgalmas.vaciegyhazmegye.hu\/wp-content\/uploads\/2016\/01\/2016.01.31..pdf\" class=\"pdf prettylink corePrettyStyle\"  target=\"_blank\" data-tags=\"hirlevel\" data-date=\"1454187486\"> <span class=\"fileTitle\">2016.01.31.<\/span> <\/a><a href=\"https:\/\/vecses-irgalmas.vaciegyhazmegye.hu\/wp-content\/uploads\/2016\/01\/2016.01.24..pdf\" class=\"pdf prettylink corePrettyStyle\"  target=\"_blank\" data-tags=\"hirlevel\" data-date=\"1454181385\"> <span class=\"fileTitle\">2016.01.24.<\/span> <\/a><a href=\"https:\/\/vecses-irgalmas.vaciegyhazmegye.hu\/wp-content\/uploads\/2016\/01\/2016.01.17..pdf\" class=\"pdf prettylink corePrettyStyle\"  target=\"_blank\" data-tags=\"hirlevel\" data-date=\"1454181287\"> <span class=\"fileTitle\">2016.01.17.<\/span> <\/a><a href=\"https:\/\/vecses-irgalmas.vaciegyhazmegye.hu\/wp-content\/uploads\/2016\/01\/2016.01.10..pdf\" class=\"pdf prettylink corePrettyStyle\"  target=\"_blank\" data-tags=\"hirlevel\" data-date=\"1453384760\"> <span class=\"fileTitle\">2016.01.10.<\/span> <\/a><a href=\"https:\/\/vecses-irgalmas.vaciegyhazmegye.hu\/wp-content\/uploads\/2016\/01\/2016.01.03..pdf\" class=\"pdf prettylink corePrettyStyle\"  target=\"_blank\" data-tags=\"hirlevel\" data-date=\"1453384433\"> <span class=\"fileTitle\">2016.01.03.<\/span> <\/a><\/div><div class=\"prettyPagination\"><a href=\"#\" class=\"pfl_next btn corePrettyStyle\">Next &raquo;<\/a><span class=\"pagingInfo\">Page <span class=\"currentPage\">1<\/span> of <span class=\"totalPages\"><\/span><\/span><a href=\"#\" class=\"pfl_prev btn disabled corePrettyStyle\">&laquo; Prev<\/a><\/div><\/div>\n<h2 style=\"text-align: center;\">\u00a0<\/h2>\n<h2 style=\"text-align: center;\"><span style=\"font-size: 14pt;\"><b><span style=\"color: #0000ff;\">H\u00edrlevelek tartalma<br \/> <\/span><\/b><\/span><\/h2>\n<p>A heti aktu\u00e1lis h\u00edrlevelek tartalmazz\u00e1k a hirdet\u00e9seket, szentmis\u00e9k \u00e9s liturgi\u00e1k rendj\u00e9t \u00e9s ezen fel\u00fcl m\u00e1s inform\u00e1ci\u00f3kat, melyeknek c\u00edmszavai a k\u00f6vetkez\u0151k:<\/p>\n<table class=\" aligncenter\" style=\"border-color: #ffffff; width: 422px;\">\n<tbody>\n<tr>\n<td><iframe src=\"https:\/\/docs.google.com\/spreadsheets\/d\/1W-KZjniadLShYhR0wzU6pkgPqqLfYTMR_2AVb5eJH9A\/pubhtml?gid=0&amp;single=true&amp;widget=true&amp;headers=false\" width=\"419\" height=\"419\"><\/iframe><\/td>\n<\/tr>\n<\/tbody>\n<\/table>\n","protected":false},"excerpt":{"rendered":"<p>H\u00edrleveleink Aktu\u00e1lis tal\u00e1lkoz\u00e1saink id\u0151pontjait stb. megtal\u00e1lhatja a nyomtatott h\u00edrlevelekben, melyeket itt d\u00e1tum szerint megtal\u00e1lhat \u00e9s megnyithat: \u00a0 H\u00edrlevelek tartalma A heti aktu\u00e1lis h\u00edrlevelek tartalmazz\u00e1k a hirdet\u00e9seket, szentmis\u00e9k \u00e9s liturgi\u00e1k rendj\u00e9t \u00e9s ezen fel\u00fcl m\u00e1s inform\u00e1ci\u00f3kat, melyeknek c\u00edmszavai a k\u00f6vetkez\u0151k:<\/p>\n","protected":false},"author":4,"featured_media":0,"parent":0,"menu_order":0,"comment_status":"closed","ping_status":"closed","template":"","meta":[],"_links":{"self":[{"href":"https:\/\/vecses-irgalmas.vaciegyhazmegye.hu\/index.php?rest_route=\/wp\/v2\/pages\/239"}],"collection":[{"href":"https:\/\/vecses-irgalmas.vaciegyhazmegye.hu\/index.php?rest_route=\/wp\/v2\/pages"}],"about":[{"href":"https:\/\/vecses-irgalmas.vaciegyhazmegye.hu\/index.php?rest_route=\/wp\/v2\/types\/page"}],"author":[{"embeddable":true,"href":"https:\/\/vecses-irgalmas.vaciegyhazmegye.hu\/index.php?rest_route=\/wp\/v2\/users\/4"}],"replies":[{"embeddable":true,"href":"https:\/\/vecses-irgalmas.vaciegyhazmegye.hu\/index.php?rest_route=%2Fwp%2Fv2%2Fcomments&post=239"}],"version-history":[{"count":6,"href":"https:\/\/vecses-irgalmas.vaciegyhazmegye.hu\/index.php?rest_route=\/wp\/v2\/pages\/239\/revisions"}],"predecessor-version":[{"id":263,"href":"https:\/\/vecses-irgalmas.vaciegyhazmegye.hu\/index.php?rest_route=\/wp\/v2\/pages\/239\/revisions\/263"}],"wp:attachment":[{"href":"https:\/\/vecses-irgalmas.vaciegyhazmegye.hu\/index.php?rest_route=%2Fwp%2Fv2%2Fmedia&parent=239"}],"curies":[{"name":"wp","href":"https:\/\/api.w.org\/{rel}","templated":true}]}}