{"id":28,"date":"2015-06-07T16:52:48","date_gmt":"2015-06-07T14:52:48","guid":{"rendered":"http:\/\/vecses.vaciegyhazmegye.hu\/vecses-irgalmas.vaciegyhazmegye.hu\/?page_id=28"},"modified":"2016-09-11T13:12:41","modified_gmt":"2016-09-11T11:12:41","slug":"magunkrol","status":"publish","type":"page","link":"https:\/\/vecses-irgalmas.vaciegyhazmegye.hu\/?page_id=28","title":{"rendered":"magunkr\u00f3l"},"content":{"rendered":"<p><span style=\"color: #008000;\">h\u00e1l\u00e1val gondolunk<\/span><br \/><span style=\"color: #008000;\">&#8211; <a href=\"http:\/\/vecses-irgalmas.vaciegyhazmegye.hu\/?page_id=316\" target=\"_blank\">szolg\u00e1lattev\u0151inkre<\/a>, akiket az \u00dar sz\u00f3l\u00edtott meg teremtm\u00e9nyeinek szolg\u00e1lat\u00e1ra<\/span><br \/><span style=\"color: #008000;\">&#8211; <a href=\"http:\/\/vecses-irgalmas.vaciegyhazmegye.hu\/?page_id=74\" target=\"_blank\">k\u00f6z\u00f6ss\u00e9geinkre<\/a>, mert J\u00e9zus Isten orsz\u00e1ga ut\u00e1ni v\u00e1gy\u00e1t akarjuk ezzel megval\u00f3s\u00edtani<\/span><br \/><span style=\"color: #008000;\">&#8211; <a href=\"http:\/\/vecses-irgalmas.vaciegyhazmegye.hu\/?page_id=42\" target=\"_blank\">templomainkra<\/a> \u00e9s\u00a0a hit\u00fcket gyakorl\u00f3 h\u00edv\u0151kre \u00e9s \u00e9p\u00fcleteink fenntart\u00f3ira<\/span><br \/><span style=\"color: #008000;\">&#8211; <a href=\"http:\/\/vecses-irgalmas.vaciegyhazmegye.hu\/?page_id=80\">\u00e9s mindenkire<\/a>, aki nyitott \u00e9s Istenkeres\u0151- valamint emberszeret\u0151 sz\u00edvvel j\u00f6n k\u00f6z\u00e9nk, vagy legal\u00e1bb otthonr\u00f3l <a href=\"http:\/\/vecses-irgalmas.vaciegyhazmegye.hu\/?page_id=239\" target=\"_blank\">t\u00e1j\u00e9koz\u00f3dik<\/a><\/span><\/p>\n<p>&nbsp;<\/p>\n<p>&nbsp;<\/p>\n<p>&nbsp;<\/p>\n<p>&nbsp;<\/p>\n<p>&nbsp;<\/p>\n<p>&nbsp;<\/p>\n<p>&nbsp;<\/p>\n<p>&nbsp;<\/p>\n<p>&nbsp;<\/p>\n<p>&nbsp;<\/p>\n<p>&nbsp;<\/p>\n<p>&nbsp;<\/p>\n<p>&nbsp;<\/p>\n<p>&nbsp;<\/p>\n<p>&nbsp;<\/p>\n<p>&nbsp;<\/p>\n<p>&nbsp;<\/p>\n<p>&nbsp;<\/p>\n<p>&nbsp;<\/p>\n<p>&nbsp;<\/p>\n<p>&nbsp;<\/p>\n<p>&nbsp;<\/p>\n<p>&nbsp;<\/p>\n<p>&nbsp;<\/p>\n<p>&nbsp;<\/p>\n<p>&nbsp;<\/p>\n<p>&nbsp;<\/p>\n<p>&nbsp;<\/p>\n<p>&nbsp;<\/p>\n<p>&nbsp;<\/p>\n<p>&nbsp;<\/p>\n<p>&nbsp;<\/p>\n<p>&nbsp;<\/p>\n<p>&nbsp;<\/p>\n<p>&nbsp;<\/p>\n<p>&nbsp;<\/p>\n<p>&nbsp;<\/p>\n<p>&nbsp;<\/p>\n<p>&nbsp;<\/p>\n<p>&nbsp;<\/p>\n<p>&nbsp;<\/p>\n<p>&nbsp;<\/p>\n<p>&nbsp;<\/p>\n<p>&nbsp;<\/p>\n<p>&nbsp;<\/p>\n<p>&nbsp;<\/p>\n<p>&nbsp;<\/p>\n<p>&nbsp;<\/p>\n<p>&nbsp;<\/p>\n<p>&nbsp;<\/p>\n<p>&nbsp;<\/p>\n<p>&nbsp;<\/p>\n<p>&nbsp;<\/p>\n<p>&nbsp;<\/p>\n<p>&nbsp;<\/p>\n<p>&nbsp;<\/p>\n<p>&nbsp;<\/p>\n<p>&nbsp;<\/p>\n<p>&nbsp;<\/p>\n<p>&nbsp;<\/p>\n<p>&nbsp;<\/p>\n<p>&nbsp;<\/p>\n<p>&nbsp;<\/p>\n<p>&nbsp;<\/p>\n<p>&nbsp;<\/p>\n<p>&nbsp;<\/p>\n<p>&nbsp;<\/p>\n<p>&nbsp;<\/p>\n<p>&nbsp;<\/p>\n<p>&nbsp;<\/p>\n<p>&nbsp;<\/p>\n<p>&nbsp;<\/p>\n<p>&nbsp;<\/p>\n<p>&nbsp;<\/p>\n<p>&nbsp;<\/p>\n<p>&nbsp;<\/p>\n<p>&nbsp;<\/p>\n<p>&nbsp;<\/p>\n<p>&nbsp;<\/p>\n<p>&nbsp;<\/p>\n<p>&nbsp;<\/p>\n<p>&nbsp;<\/p>\n<p>&nbsp;<\/p>\n<p>&nbsp;<\/p>\n<p>&nbsp;<\/p>\n<p>&nbsp;<\/p>\n<p>&nbsp;<\/p>\n<p>&nbsp;<\/p>\n<p>&nbsp;<\/p>\n<p>&nbsp;<\/p>\n<p>&nbsp;<\/p>\n","protected":false},"excerpt":{"rendered":"<p>h\u00e1l\u00e1val gondolunk&#8211; szolg\u00e1lattev\u0151inkre, akiket az \u00dar sz\u00f3l\u00edtott meg teremtm\u00e9nyeinek szolg\u00e1lat\u00e1ra&#8211; k\u00f6z\u00f6ss\u00e9geinkre, mert J\u00e9zus Isten orsz\u00e1ga ut\u00e1ni v\u00e1gy\u00e1t akarjuk ezzel megval\u00f3s\u00edtani&#8211; templomainkra \u00e9s\u00a0a hit\u00fcket gyakorl\u00f3 h\u00edv\u0151kre \u00e9s \u00e9p\u00fcleteink fenntart\u00f3ira&#8211; \u00e9s mindenkire, aki nyitott \u00e9s Istenkeres\u0151- valamint emberszeret\u0151 sz\u00edvvel j\u00f6n k\u00f6z\u00e9nk, vagy <a class=\"more-link\" href=\"https:\/\/vecses-irgalmas.vaciegyhazmegye.hu\/?page_id=28\">Tov\u00e1bb <span class=\"screen-reader-text\">  magunkr\u00f3l<\/span><span class=\"meta-nav\">&rarr;<\/span><\/a><\/p>\n","protected":false},"author":1,"featured_media":0,"parent":0,"menu_order":0,"comment_status":"open","ping_status":"open","template":"","meta":[],"_links":{"self":[{"href":"https:\/\/vecses-irgalmas.vaciegyhazmegye.hu\/index.php?rest_route=\/wp\/v2\/pages\/28"}],"collection":[{"href":"https:\/\/vecses-irgalmas.vaciegyhazmegye.hu\/index.php?rest_route=\/wp\/v2\/pages"}],"about":[{"href":"https:\/\/vecses-irgalmas.vaciegyhazmegye.hu\/index.php?rest_route=\/wp\/v2\/types\/page"}],"author":[{"embeddable":true,"href":"https:\/\/vecses-irgalmas.vaciegyhazmegye.hu\/index.php?rest_route=\/wp\/v2\/users\/1"}],"replies":[{"embeddable":true,"href":"https:\/\/vecses-irgalmas.vaciegyhazmegye.hu\/index.php?rest_route=%2Fwp%2Fv2%2Fcomments&post=28"}],"version-history":[{"count":23,"href":"https:\/\/vecses-irgalmas.vaciegyhazmegye.hu\/index.php?rest_route=\/wp\/v2\/pages\/28\/revisions"}],"predecessor-version":[{"id":321,"href":"https:\/\/vecses-irgalmas.vaciegyhazmegye.hu\/index.php?rest_route=\/wp\/v2\/pages\/28\/revisions\/321"}],"wp:attachment":[{"href":"https:\/\/vecses-irgalmas.vaciegyhazmegye.hu\/index.php?rest_route=%2Fwp%2Fv2%2Fmedia&parent=28"}],"curies":[{"name":"wp","href":"https:\/\/api.w.org\/{rel}","templated":true}]}}