{"id":316,"date":"2016-09-11T13:03:52","date_gmt":"2016-09-11T11:03:52","guid":{"rendered":"http:\/\/vecses-irgalmas.vaciegyhazmegye.hu\/?page_id=316"},"modified":"2026-05-13T09:22:08","modified_gmt":"2026-05-13T07:22:08","slug":"szolgalattevoink","status":"publish","type":"page","link":"https:\/\/vecses-irgalmas.vaciegyhazmegye.hu\/?page_id=316","title":{"rendered":"szolg\u00e1lattev\u0151ink"},"content":{"rendered":"<\/p>\n<p><span style=\"color: #0000ff;\"><strong>Munkacsoportok:<\/strong><\/span><\/p>\n<h1><span style=\"color: #ff0000;\"><a href=\"http:\/\/vecses-irgalmas.vaciegyhazmegye.hu\/wp-content\/uploads\/2015\/06\/etszab.jpg.jpg\"><img loading=\"lazy\" class=\"alignleft  wp-image-154\" src=\"http:\/\/vecses-irgalmas.vaciegyhazmegye.hu\/wp-content\/uploads\/2015\/06\/etszab.jpg-218x300.jpg\" alt=\"etszab.jpg\" width=\"115\" height=\"157\" srcset=\"https:\/\/vecses-irgalmas.vaciegyhazmegye.hu\/wp-content\/uploads\/2015\/06\/etszab.jpg-218x300.jpg 218w, https:\/\/vecses-irgalmas.vaciegyhazmegye.hu\/wp-content\/uploads\/2015\/06\/etszab.jpg.jpg 233w\" sizes=\"(max-width: 115px) 100vw, 115px\" \/><\/a>Egyh\u00e1zk\u00f6zs\u00e9gi Tan\u00e1cs szab\u00e1lyzata, V\u00e1c. 2011.:\u00a0<\/span><a href=\"\/egyeb\/letoltes\/ETszabalyzat.pdf\" target=\"_blank\" rel=\"noopener noreferrer\">ide kattintva&#8230;<\/a><\/h1>\n<h1><span style=\"color: #ff0000;\"><a href=\"http:\/\/vecses-irgalmas.vaciegyhazmegye.hu\/wp-content\/uploads\/2015\/06\/lelkiterv.jpg.jpg\"><img loading=\"lazy\" class=\"alignleft  wp-image-69\" src=\"http:\/\/vecses-irgalmas.vaciegyhazmegye.hu\/wp-content\/uploads\/2015\/06\/lelkiterv.jpg.jpg\" alt=\"\" width=\"113\" height=\"160\" \/><\/a>Lelkip\u00e1sztori terv\u00fcnk 2011-t\u0151l:<\/span> <a href=\"\/egyeb\/lelkiterv11.html\" target=\"_blank\" rel=\"noopener noreferrer\">ide kattintva&#8230;<\/a><\/h1>\n<h1><\/h1>\n<h1><\/h1>\n<h1><\/h1>\n<h1><\/h1>\n<h1><\/h1>\n<h1><span style=\"color: #ff0000;\"><a href=\"http:\/\/vecses-irgalmas.vaciegyhazmegye.hu\/wp-content\/uploads\/2015\/06\/szorolap.jpg\"><img loading=\"lazy\" class=\"alignleft  wp-image-67\" src=\"http:\/\/vecses-irgalmas.vaciegyhazmegye.hu\/wp-content\/uploads\/2015\/06\/szorolap.jpg\" alt=\"\" width=\"120\" height=\"107\" \/><\/a>Sz\u00f3r\u00f3lap egyh\u00e1zk\u00f6zs\u00e9g\u00fcnkr\u0151l:<\/span> <a href=\"\/egyeb\/letoltes\/szorolap.pdf\" target=\"_blank\" rel=\"noopener noreferrer\">ide kattintva&#8230;<\/a><\/h1>\n<h2><\/h2>\n<h1><span style=\"color: #ff0000;\"><a href=\"http:\/\/vecses-irgalmas.vaciegyhazmegye.hu\/wp-content\/uploads\/2015\/06\/alapitvany_r.jpg\"><img loading=\"lazy\" class=\"alignleft  wp-image-71\" src=\"http:\/\/vecses-irgalmas.vaciegyhazmegye.hu\/wp-content\/uploads\/2015\/06\/alapitvany_r-300x169.jpg\" alt=\"\" width=\"219\" height=\"124\" srcset=\"https:\/\/vecses-irgalmas.vaciegyhazmegye.hu\/wp-content\/uploads\/2015\/06\/alapitvany_r-300x169.jpg 300w, https:\/\/vecses-irgalmas.vaciegyhazmegye.hu\/wp-content\/uploads\/2015\/06\/alapitvany_r.jpg 354w\" sizes=\"(max-width: 219px) 100vw, 219px\" \/><\/a>Testi-Lelki Seg\u00edts\u00e9g Alap\u00edtv\u00e1ny oldala:<\/span> <a href=\"http:\/\/eljvele.hu\/alapitvany\" target=\"_blank\" rel=\"noopener noreferrer\">ide kattintva&#8230;<\/a><\/h1>\n<p>Egyh\u00e1zk\u00f6zs\u00e9g\u00fcnk a sz\u00e9khelye a sok c\u00e9lt \u00f6sszefoglal\u00f3 alap\u00edtv\u00e1nynak.<\/p>\n<h1><span style=\"color: #ff0000;\">K\u00f6z\u00f6ss\u00e9geinkr\u0151l<\/span> <a href=\"http:\/\/vecses-irgalmas.vaciegyhazmegye.hu\/?page_id=74\">itt olvashat tov\u00e1bb&#8230;<\/a><\/h1>\n<h1><span style=\"color: #ff0000;\">Egyh\u00e1zk\u00f6zs\u00e9g\u00fcnk<\/span> <a href=\"http:\/\/vecses-irgalmas.vaciegyhazmegye.hu\/?page_id=112\">papjair\u00f3l itt olvashat tov\u00e1bb&#8230;<\/a><\/h1>\n","protected":false},"excerpt":{"rendered":"<p>Munkacsoportok: Egyh\u00e1zk\u00f6zs\u00e9gi Tan\u00e1cs szab\u00e1lyzata, V\u00e1c. 2011.:\u00a0ide kattintva&#8230; Lelkip\u00e1sztori terv\u00fcnk 2011-t\u0151l: ide kattintva&#8230; Sz\u00f3r\u00f3lap egyh\u00e1zk\u00f6zs\u00e9g\u00fcnkr\u0151l: ide kattintva&#8230; Testi-Lelki Seg\u00edts\u00e9g Alap\u00edtv\u00e1ny oldala: ide kattintva&#8230; Egyh\u00e1zk\u00f6zs\u00e9g\u00fcnk a sz\u00e9khelye a sok c\u00e9lt \u00f6sszefoglal\u00f3 alap\u00edtv\u00e1nynak. K\u00f6z\u00f6ss\u00e9geinkr\u0151l itt olvashat tov\u00e1bb&#8230; Egyh\u00e1zk\u00f6zs\u00e9g\u00fcnk papjair\u00f3l itt olvashat tov\u00e1bb&#8230;<\/p>\n","protected":false},"author":1,"featured_media":0,"parent":28,"menu_order":0,"comment_status":"closed","ping_status":"closed","template":"","meta":[],"_links":{"self":[{"href":"https:\/\/vecses-irgalmas.vaciegyhazmegye.hu\/index.php?rest_route=\/wp\/v2\/pages\/316"}],"collection":[{"href":"https:\/\/vecses-irgalmas.vaciegyhazmegye.hu\/index.php?rest_route=\/wp\/v2\/pages"}],"about":[{"href":"https:\/\/vecses-irgalmas.vaciegyhazmegye.hu\/index.php?rest_route=\/wp\/v2\/types\/page"}],"author":[{"embeddable":true,"href":"https:\/\/vecses-irgalmas.vaciegyhazmegye.hu\/index.php?rest_route=\/wp\/v2\/users\/1"}],"replies":[{"embeddable":true,"href":"https:\/\/vecses-irgalmas.vaciegyhazmegye.hu\/index.php?rest_route=%2Fwp%2Fv2%2Fcomments&post=316"}],"version-history":[{"count":10,"href":"https:\/\/vecses-irgalmas.vaciegyhazmegye.hu\/index.php?rest_route=\/wp\/v2\/pages\/316\/revisions"}],"predecessor-version":[{"id":494,"href":"https:\/\/vecses-irgalmas.vaciegyhazmegye.hu\/index.php?rest_route=\/wp\/v2\/pages\/316\/revisions\/494"}],"up":[{"embeddable":true,"href":"https:\/\/vecses-irgalmas.vaciegyhazmegye.hu\/index.php?rest_route=\/wp\/v2\/pages\/28"}],"wp:attachment":[{"href":"https:\/\/vecses-irgalmas.vaciegyhazmegye.hu\/index.php?rest_route=%2Fwp%2Fv2%2Fmedia&parent=316"}],"curies":[{"name":"wp","href":"https:\/\/api.w.org\/{rel}","templated":true}]}}