{"id":34,"date":"2015-06-07T17:00:44","date_gmt":"2015-06-07T15:00:44","guid":{"rendered":"http:\/\/vecses.vaciegyhazmegye.hu\/vecses-irgalmas.vaciegyhazmegye.hu\/?page_id=34"},"modified":"2015-06-12T13:54:36","modified_gmt":"2015-06-12T11:54:36","slug":"szentmisek-es-unnepek","status":"publish","type":"page","link":"https:\/\/vecses-irgalmas.vaciegyhazmegye.hu\/?page_id=34","title":{"rendered":"Szentmis\u00e9k \u00e9s \u00fcnnepek"},"content":{"rendered":"<p class=\"MsoNormal\"><strong><b><span style=\"font-size: 12.0pt; line-height: 107%; color: red;\">Szentmis\u00e9k, igeliturgi\u00e1k aktu\u00e1lis rendje a k\u00f6vetkez\u0151 oldalon tekinthet\u0151 meg:\u00a0<\/span><\/b><span style=\"font-size: 12.0pt; line-height: 107%; font-family: Calibri,sans-serif; color: red; background: white;\"><br \/>\n<\/span><\/strong><b><u><span style=\"line-height: 107%; color: #41669e; background: white;\"><a style=\"text-decoration: inherit; orphans: auto; widows: 1; -webkit-text-stroke-width: 0px; word-spacing: 0px; color: blue; text-underline: single;\" href=\"http:\/\/vecses-ovaros.vaciegyhazmegye.hu\/miserend.htm\" target=\"_blank\">http:\/\/vecses-ovaros.vaciegyhazmegye.hu\/miserend.htm<\/a><\/span><\/u><\/b><span style=\"line-height: 107%;\"><br \/>\n<\/span><\/p>\n<p class=\"MsoNormal\"><span style=\"color: #339966;\"><em>Igeliturgi\u00e1kr\u00f3l n\u00e9h\u00e1ny sz\u00f3:<\/em><\/span><br \/>\n<em>&#8211; Egyh\u00e1zunk \u0151si tan\u00edt\u00e1sa szerint hasznos, ha sokf\u00e9le k\u00f6z\u00f6ss\u00e9gi im\u00e1ds\u00e1gon vesz\u00fcnk r\u00e9szt: pl. szentmis\u00e9k, igeliturgi\u00e1k (\u00e1ltal\u00e1nos vagy b\u0171nb\u00e1nati liturgia), szents\u00e9gim\u00e1d\u00e1sok, lit\u00e1ni\u00e1k, keresztutak, taiz\u00e9-i im\u00e1k stb.\u00a0 Ha \u00edgy v\u00e1ltozatoss\u00e1 v\u00e1lik az im\u00e1ds\u00e1gos \u00e9let\u00fcnk, akkor ezekb\u0151l val\u00f3ban ki tud emelkedni a szentmise, mint &#8220;cs\u00facs \u00e9s forr\u00e1s&#8221; a zsinat szavaival \u00e9lve. Az igeliturgi\u00e1k teh\u00e1t nem a szentmis\u00e9k p\u00f3tl\u00e9kai, hanem <strong>sz\u00fcks\u00e9ges im\u00e1ds\u00e1gos forma<\/strong>, melyen r\u00e9szt venni \u00e1ld\u00e1sos a h\u00edv\u0151k sz\u00e1m\u00e1ra. (A paphi\u00e1ny miatt a vil\u00e1g sz\u00e1mtalan pontj\u00e1n kezdt\u00e9k bevezetni az igeliturgi\u00e1kat, viszont halad\u00f3bb \u00e9s jobban egyh\u00e1zh\u0171 gondolkod\u00e1s\u00fa k\u00f6z\u00f6ss\u00e9gekben ett\u0151l f\u00fcggetlen\u00fcl \u00e9s a paphi\u00e1nyt megel\u0151z\u0151en is tartottak m\u00e1r igeliturgi\u00e1kat).<\/em><br \/>\n<em>&#8211; Az igeliturgia nagyon hasonl\u00edt a szentmis\u00e9re, \u00e9s <strong>a f\u0151 c\u00e9lok ugyanazok, mint a szentmis\u00e9n\u00e9l<\/strong>, csup\u00e1n nem pap v\u00e9gzi, teh\u00e1t nincs \u00e1tv\u00e1ltoztat\u00e1s a szentmise k\u00f6zep\u00e9n (&#8220;Ez az \u00e9n testem&#8230;ez az \u00e9n v\u00e9rem&#8230;&#8221;). Lehet m\u00e9g egy fontos k\u00fcl\u00f6nbs\u00e9g: nincs \u00e1ld\u00e1s a v\u00e9g\u00e9n, azonban ha felszentelt di\u00e1k\u00f3nus v\u00e9gzi az igeliturgi\u00e1t, akkor m\u00e1r papi \u00e1ld\u00e1s is van. A f\u0151 c\u00e9lok pedig megval\u00f3sulnak: 1. els\u0151 c\u00e9l: Isten dics\u00e9ret\u00e9re gy\u0171l\u00fcnk \u00f6ssze, 2. J\u00e9zushoz k\u00f6zelebb ker\u00fcl\u00fcnk (szent\u00e1ldoz\u00e1s, Biblia szavai), 3. k\u00f6z\u00f6ss\u00e9g\u00fcnk t\u00f6bbi kereszt\u00e9nyeivel egy\u00fctt lehet\u00fcnk, \u00e9s 4. saj\u00e1t lelk\u00fcnk\u00e9rt im\u00e1dkozunk<\/em><em>&#8211; A paphi\u00e1ny miatt sokszor a h\u00edvek vas\u00e1rnaponk\u00e9nt is igeliturgi\u00e1kon tudnak r\u00e9szt venni, <strong>mellyel szint\u00e9n megszentelik a vas\u00e1rnapot<\/strong> (teh\u00e1t teljes\u00edtik a t\u00edzparancsolat 3. pontj\u00e1nak l\u00e9nyegi r\u00e9sz\u00e9t).<\/em><br \/>\n<em>&#8211; Az igeliturgi\u00e1kat <strong>a v\u00e1ci egyh\u00e1zmegy\u00e9ben<\/strong> csak egy k\u00f6z\u00f6s k\u00e9pz\u00e9sben r\u00e9szt vett \u00e9s p\u00fcsp\u00f6ki megb\u00edz\u00e1ssal rendelkez\u0151 szem\u00e9ly v\u00e9gezheti \u00e9s csak a helyi pl\u00e9b\u00e1nos bel\u00e1t\u00e1sa szerint.<\/em><\/p>\n<p class=\"MsoNormal\"><b><span style=\"font-size: 12.0pt; line-height: 107%; color: red;\">Pl\u00e9b\u00e1niatemplomunk\u00a0<\/span><\/b><strong><span style=\"font-size: 12pt; line-height: 107%;\">b\u00facs\u00faja:<br \/>\nM\u00e1ria Szepl\u0151telen Sz\u00edv\u00e9nek \u00fcnnepe: p\u00fcnk\u00f6sd ut\u00e1ni 3. szombat (2015-ben j\u00fan.\u00a014-\u00e9n)<br \/>\nSzents\u00e9gim\u00e1d\u00e1si napunk: \u00a0aug. 22.<br \/>\nIsteni irgalmass\u00e1g \u00fcnnepe:\u00a0\u00a0 h\u00fasv\u00e9t 2. vas\u00e1rnapja <\/span><\/strong><\/p>\n<p class=\"MsoNormal\"><strong><span style=\"font-size: 12pt; line-height: 107%; color: red;\">K\u00e1poln\u00e1nk\u00a0<\/span><span style=\"font-size: 12pt; line-height: 107%;\">b\u00facs\u00faja:<br \/>\nSzent Erzs\u00e9bet \u00fcnnepe (nov.19.) k\u00f6r\u00fcli vas\u00e1rnap<\/span><\/strong><\/p>\n","protected":false},"excerpt":{"rendered":"<p>Szentmis\u00e9k, igeliturgi\u00e1k aktu\u00e1lis rendje a k\u00f6vetkez\u0151 oldalon tekinthet\u0151 meg:\u00a0 http:\/\/vecses-ovaros.vaciegyhazmegye.hu\/miserend.htm Igeliturgi\u00e1kr\u00f3l n\u00e9h\u00e1ny sz\u00f3: &#8211; Egyh\u00e1zunk \u0151si tan\u00edt\u00e1sa szerint hasznos, ha sokf\u00e9le k\u00f6z\u00f6ss\u00e9gi im\u00e1ds\u00e1gon vesz\u00fcnk r\u00e9szt: pl. szentmis\u00e9k, igeliturgi\u00e1k (\u00e1ltal\u00e1nos vagy b\u0171nb\u00e1nati liturgia), szents\u00e9gim\u00e1d\u00e1sok, lit\u00e1ni\u00e1k, keresztutak, taiz\u00e9-i im\u00e1k stb.\u00a0 Ha \u00edgy <a class=\"more-link\" href=\"https:\/\/vecses-irgalmas.vaciegyhazmegye.hu\/?page_id=34\">Tov\u00e1bb <span class=\"screen-reader-text\">  Szentmis\u00e9k \u00e9s \u00fcnnepek<\/span><span class=\"meta-nav\">&rarr;<\/span><\/a><\/p>\n","protected":false},"author":1,"featured_media":0,"parent":0,"menu_order":0,"comment_status":"open","ping_status":"open","template":"","meta":[],"_links":{"self":[{"href":"https:\/\/vecses-irgalmas.vaciegyhazmegye.hu\/index.php?rest_route=\/wp\/v2\/pages\/34"}],"collection":[{"href":"https:\/\/vecses-irgalmas.vaciegyhazmegye.hu\/index.php?rest_route=\/wp\/v2\/pages"}],"about":[{"href":"https:\/\/vecses-irgalmas.vaciegyhazmegye.hu\/index.php?rest_route=\/wp\/v2\/types\/page"}],"author":[{"embeddable":true,"href":"https:\/\/vecses-irgalmas.vaciegyhazmegye.hu\/index.php?rest_route=\/wp\/v2\/users\/1"}],"replies":[{"embeddable":true,"href":"https:\/\/vecses-irgalmas.vaciegyhazmegye.hu\/index.php?rest_route=%2Fwp%2Fv2%2Fcomments&post=34"}],"version-history":[{"count":7,"href":"https:\/\/vecses-irgalmas.vaciegyhazmegye.hu\/index.php?rest_route=\/wp\/v2\/pages\/34\/revisions"}],"predecessor-version":[{"id":147,"href":"https:\/\/vecses-irgalmas.vaciegyhazmegye.hu\/index.php?rest_route=\/wp\/v2\/pages\/34\/revisions\/147"}],"wp:attachment":[{"href":"https:\/\/vecses-irgalmas.vaciegyhazmegye.hu\/index.php?rest_route=%2Fwp%2Fv2%2Fmedia&parent=34"}],"curies":[{"name":"wp","href":"https:\/\/api.w.org\/{rel}","templated":true}]}}