{"id":39,"date":"2015-06-07T17:08:12","date_gmt":"2015-06-07T15:08:12","guid":{"rendered":"http:\/\/vecses.vaciegyhazmegye.hu\/vecses-irgalmas.vaciegyhazmegye.hu\/?page_id=39"},"modified":"2020-04-08T16:44:28","modified_gmt":"2020-04-08T14:44:28","slug":"irgalmassag-imaprogram","status":"publish","type":"page","link":"https:\/\/vecses-irgalmas.vaciegyhazmegye.hu\/?page_id=39","title":{"rendered":"irgalmass\u00e1g imaprogram"},"content":{"rendered":"<p><span style=\"font-size: 18px;\"><strong><span style=\"color: #0000ff;\">Irgalmass\u00e1g-imaprogram<\/span><\/strong><\/span><\/p>\n<p style=\"text-align: center;\" align=\"center\"><b><\/b><span style=\"font-size: 16px;\"><b><span style=\"font-family: Calibri,sans-serif; color: red;\"> \u00c1lland\u00f3 imaprogram pl\u00e9b\u00e1niatemplomunkban:<\/span><\/b><\/span><\/p>\n<p style=\"text-align: center; orphans: auto; widows: 1; -webkit-text-stroke-width: 0px; word-spacing: 0px;\" align=\"center\"><span style=\"font-size: 16px;\"><b><span style=\"font-family: Calibri,sans-serif; color: black;\">Minden p\u00e9nteken <\/span><\/b><span style=\"font-family: Calibri,sans-serif; color: black;\">14.30 \u00f3r\u00e1t\u00f3l szents\u00e9gim\u00e1d\u00e1s, <\/span><span style=\"font-family: Calibri,sans-serif; color: black;\">15\u00a0\u00f3r\u00e1t\u00f3l az Irgalmass\u00e1g \u00f3r\u00e1ja,<\/span><span style=\"font-family: Calibri,sans-serif; color: black;\"> ut\u00e1na szentmise (15.20-kor) k\u00fcl\u00f6nf\u00e9le sz\u00e1nd\u00e9kokra.<\/span><\/span><\/p>\n<p style=\"text-align: center; orphans: auto; widows: 1; -webkit-text-stroke-width: 0px; word-spacing: 0px;\" align=\"center\"><span style=\"font-size: 16px;\"><span style=\"font-family: Calibri,sans-serif; color: black;\">\u00a0Legkedvez\u0151bb<span class=\"apple-converted-space\">\u00a0<\/span><b>megk\u00f6zel\u00edt\u00e9s: <\/b><\/span><span style=\"font-family: Calibri,sans-serif; color: black;\">Vonattal a Budapest &#8211; Cegl\u00e9di vonalon.<\/span><span style=\"font-family: Calibri,sans-serif; color: black;\"> Vol\u00e1nbusszal K\u0151b\u00e1nya-Kispestr\u0151l Vecs\u00e9s Erzs\u00e9bet t\u00e9rig.<\/span><\/span><\/p>\n<p style=\"text-align: center; orphans: auto; widows: 1; -webkit-text-stroke-width: 0px; word-spacing: 0px;\" align=\"center\"><span style=\"font-size: 16px;\"><span style=\"font-family: Calibri,sans-serif; color: black;\">\u00a0<\/span><i><span style=\"font-family: Calibri,sans-serif; color: #00b050;\">Mindenkit v\u00e1runk<\/span><\/i><i> <span style=\"font-family: Calibri,sans-serif; color: #00b050;\">a krakk\u00f3i Irgalmas\u00a0J\u00e9zus kegyk\u00e9p m\u00e1solat\u00e1hoz, <\/span><\/i><i><span style=\"font-family: Calibri,sans-serif; color: #00b050;\">\u00e9s Szent Fausztina\u00a0n\u0151v\u00e9r-erekly\u00e9hez.<\/span><\/i><\/span><\/p>\n","protected":false},"excerpt":{"rendered":"<p>Irgalmass\u00e1g-imaprogram \u00c1lland\u00f3 imaprogram pl\u00e9b\u00e1niatemplomunkban: Minden p\u00e9nteken 14.30 \u00f3r\u00e1t\u00f3l szents\u00e9gim\u00e1d\u00e1s, 15\u00a0\u00f3r\u00e1t\u00f3l az Irgalmass\u00e1g \u00f3r\u00e1ja, ut\u00e1na szentmise (15.20-kor) k\u00fcl\u00f6nf\u00e9le sz\u00e1nd\u00e9kokra. \u00a0Legkedvez\u0151bb\u00a0megk\u00f6zel\u00edt\u00e9s: Vonattal a Budapest &#8211; Cegl\u00e9di vonalon. Vol\u00e1nbusszal K\u0151b\u00e1nya-Kispestr\u0151l Vecs\u00e9s Erzs\u00e9bet t\u00e9rig. \u00a0Mindenkit v\u00e1runk a krakk\u00f3i Irgalmas\u00a0J\u00e9zus kegyk\u00e9p m\u00e1solat\u00e1hoz, \u00e9s Szent Fausztina\u00a0n\u0151v\u00e9r-erekly\u00e9hez.<\/p>\n","protected":false},"author":1,"featured_media":0,"parent":34,"menu_order":0,"comment_status":"open","ping_status":"open","template":"","meta":[],"_links":{"self":[{"href":"https:\/\/vecses-irgalmas.vaciegyhazmegye.hu\/index.php?rest_route=\/wp\/v2\/pages\/39"}],"collection":[{"href":"https:\/\/vecses-irgalmas.vaciegyhazmegye.hu\/index.php?rest_route=\/wp\/v2\/pages"}],"about":[{"href":"https:\/\/vecses-irgalmas.vaciegyhazmegye.hu\/index.php?rest_route=\/wp\/v2\/types\/page"}],"author":[{"embeddable":true,"href":"https:\/\/vecses-irgalmas.vaciegyhazmegye.hu\/index.php?rest_route=\/wp\/v2\/users\/1"}],"replies":[{"embeddable":true,"href":"https:\/\/vecses-irgalmas.vaciegyhazmegye.hu\/index.php?rest_route=%2Fwp%2Fv2%2Fcomments&post=39"}],"version-history":[{"count":5,"href":"https:\/\/vecses-irgalmas.vaciegyhazmegye.hu\/index.php?rest_route=\/wp\/v2\/pages\/39\/revisions"}],"predecessor-version":[{"id":458,"href":"https:\/\/vecses-irgalmas.vaciegyhazmegye.hu\/index.php?rest_route=\/wp\/v2\/pages\/39\/revisions\/458"}],"up":[{"embeddable":true,"href":"https:\/\/vecses-irgalmas.vaciegyhazmegye.hu\/index.php?rest_route=\/wp\/v2\/pages\/34"}],"wp:attachment":[{"href":"https:\/\/vecses-irgalmas.vaciegyhazmegye.hu\/index.php?rest_route=%2Fwp%2Fv2%2Fmedia&parent=39"}],"curies":[{"name":"wp","href":"https:\/\/api.w.org\/{rel}","templated":true}]}}