{"id":42,"date":"2015-06-07T17:12:52","date_gmt":"2015-06-07T15:12:52","guid":{"rendered":"http:\/\/vecses.vaciegyhazmegye.hu\/vecses-irgalmas.vaciegyhazmegye.hu\/?page_id=42"},"modified":"2015-06-10T15:32:16","modified_gmt":"2015-06-10T13:32:16","slug":"plebaniatemplomunk-es-kapolnank","status":"publish","type":"page","link":"https:\/\/vecses-irgalmas.vaciegyhazmegye.hu\/?page_id=42","title":{"rendered":"pl\u00e9b\u00e1niatemplomunk \u00e9s k\u00e1poln\u00e1nk"},"content":{"rendered":"<h1 style=\"text-align: center;\"><span style=\"color: #ff0000;\"><strong>pl\u00e9b\u00e1niatemplomunk\u00a0 &#8211;\u00a0\u00a0k\u00e1poln\u00e1nk<\/strong><\/span><\/h1>\n<hr \/>\n<h2 style=\"text-align: center;\"><span style=\"color: #008000;\">Templomfel\u00faj\u00edt\u00e1sunkr\u00f3l<\/span> <span style=\"color: #008000;\">(2014)<\/span> <a href=\"\/egyeb\/templomfelujitas\/index.html\">itt olvashat&#8230;<\/a><\/h2>\n<h2 style=\"text-align: center;\"><span style=\"color: #ff0000;\"><strong>Erzs\u00e9bet t\u00e9ri pl\u00e9b\u00e1niatemplomunk t\u00f6rt\u00e9net\u00e9b\u0151l<\/strong><\/span><\/h2>\n<p style=\"text-align: center;\"><a href=\"http:\/\/vecses-irgalmas.vaciegyhazmegye.hu\/wp-content\/uploads\/2015\/06\/erzsebet_teri.jpg\"><img loading=\"lazy\" class=\" size-medium wp-image-48 aligncenter\" src=\"http:\/\/vecses-irgalmas.vaciegyhazmegye.hu\/wp-content\/uploads\/2015\/06\/erzsebet_teri-300x109.jpg\" alt=\"\" width=\"300\" height=\"109\" srcset=\"https:\/\/vecses-irgalmas.vaciegyhazmegye.hu\/wp-content\/uploads\/2015\/06\/erzsebet_teri-300x109.jpg 300w, https:\/\/vecses-irgalmas.vaciegyhazmegye.hu\/wp-content\/uploads\/2015\/06\/erzsebet_teri.jpg 600w\" sizes=\"(max-width: 300px) 100vw, 300px\" \/><\/a><\/p>\n<p><strong>55 \u00e9ves \u00fcnnepl\u00e9s\u00fcnk<\/strong><\/p>\n<p>Meg\u00fcnnepelt\u00fck templomunk felszentel\u00e9s\u00e9nek 55. \u00e9vfordul\u00f3j\u00e1t (napra pontosan!). T\u00f6bb dologgal is gazdagodtunk: templomunk fal\u00e1n elhelyezt\u00fcnk egy eml\u00e9kt\u00e1bl\u00e1t, melynek sz\u00f6veg\u00e9t a tegnapi \u201eh\u00edrlev\u00e9l-k\u00fcl\u00f6nsz\u00e1m\u201d tartalmazza (akinek nem jutott, az megtal\u00e1lja itt, \u00e9s a h\u00edrlevelek k\u00f6z\u00f6tt is).\u00a0G\u00e1l Istv\u00e1n tan\u00e1r \u00far\u00a0 el\u0151ad\u00e1s\u00e1ban a legfontosabb dolgokat emelte ki, majd bemutatta a templomunk \u00e9s egyh\u00e1zk\u00f6zs\u00e9g\u00fcnkr\u0151l \u00edrt k\u00f6nyv\u00e9t \u00e9s egy d\u00edszp\u00e9ld\u00e1nyt nagy (A3) m\u00e9retben nek\u00fcnk aj\u00e1nd\u00e9kozott, melyet ezent\u00fal meg is tekinthet b\u00e1rki. Anyagi okok miatt ut\u00f3lag tudjuk a k\u00f6nyvet kinyomtatni nagyj\u00e1b\u00f3l annyi p\u00e9ld\u00e1nyban, amennyit a kedves h\u00edvek rendelnek. A szerz\u0151 \u00fajabb inform\u00e1ci\u00f3ja alapj\u00e1n ez kb. 1500-2000 Ft lesz. V\u00e1rjuk teh\u00e1t a rendel\u00e9seket. Olyan j\u00f3 lenne, ha min\u00e9l t\u00f6bb csal\u00e1d, k\u00fcl\u00f6n\u00f6sen, akik itt laknak, az itteni t\u00f6rt\u00e9nelmet j\u00f3l megismern\u00e9k. Ezen fel\u00fcl sz\u00edvhez sz\u00f3l\u00f3 kis t\u00f6rt\u00e9netek is vannak benne \u00e9s nemcsak a templomunk \u00e9p\u00edt\u00e9s\u00e9vel kapcsolatban. \u00dcnnepl\u00e9s\u00fcnk m\u00e1sodik fel\u00e9ben sok sz\u00e9p verssel gazdagodott a lelk\u00fcnk G\u00e1l Istv\u00e1n \u00e9s testv\u00e9re Gizella el\u0151ad\u00e1s\u00e1ban.<\/p>\n<p>De m\u00e1r az 1940-es \u00e9vekben, ahogy a ter\u00fcletet egyre jobban be\u00e9p\u00edtett\u00e9k, \u00f6n\u00e1ll\u00f3 lelk\u00e9szs\u00e9gg\u00e9 fejl\u0151d\u00f6tt Palla B\u00e9la pl\u00e9b\u00e1nos vezet\u00e9s\u00e9vel. Az Andr\u00e1ssy-telepi r\u00f3mai katolikus pl\u00e9b\u00e1nia, amelyhez a Halmi telep is tartozik, v\u00e1rosunk harmadik \u00e9s egyben\u00a0<strong>legfiatalabb<\/strong>\u00a0pl\u00e9b\u00e1ni\u00e1ja.Vecs\u00e9s els\u0151 okleveles eml\u00edt\u00e9se 1318-ban t\u00f6rt\u00e9nt. A XIV-XV. sz\u00e1zadban a t\u00e9rs\u00e9g m\u00e1r s\u0171r\u0171 faluh\u00e1l\u00f3zattal rendelkezett, templomos helyk\u00e9nt is eml\u00edtett\u00e9k az oklevelek. A\u00a0 v\u00e1rost\u00a0 1786-ban alap\u00edtotta \u00fajra Grassalkovich Antal azzal, hogy letelep\u00edtett itt 50 csal\u00e1dot. V\u00e1rosunk fejl\u0151d\u00e9s\u00e9ben fontos \u00e1llom\u00e1s volt, hogy a vas\u00fat nyugati oldal\u00e1n az Andr\u00e1ssy-telepen egy \u00faj iskol\u00e1t alap\u00edtott egyh\u00e1zunk, \u00e9s 1928-t\u00f3l az elk\u00e9sz\u00fclt\u00a0 Andr\u00e1ssy-telepi iskol\u00e1ban &#8211; ahol az Isteni Megv\u00e1lt\u00f3 Le\u00e1nyai szerzetesrend n\u0151v\u00e9rei tan\u00edtottak &#8211; k\u00e9t \u00f6sszenyithat\u00f3 teremben minden vas\u00e1r- \u00e9s \u00fcnnepnap volt szentmise. A lelk\u00e9szek a fels\u0151telepi pl\u00e9b\u00e1ni\u00e1r\u00f3l j\u00e1rtak \u00e1t mis\u00e9zni 1948-ig.\u00a0<strong>A templom t\u00f6rt\u00e9net\u00e9nek r\u00f6vid \u00f6sszefoglal\u00e1sa\u00a0<\/strong><\/p>\n<p>1938-ban kezd\u0151d\u00f6tt a templom\u00e9p\u00edt\u00e9s tervez\u00e9se, t\u00f6bbsz\u00e1zezer t\u00e9gla \u00f6sszegy\u0171jt\u00e9se. Az \u00e9p\u00edt\u00e9shez v\u00e1s\u00e1rolt \u00e9s gy\u0171jt\u00f6getett t\u00e9gl\u00e1kat sajnos a sz\u00fcks\u00e9g miatt sz\u00e9thordt\u00e1k az \u00e1rv\u00edzk\u00e1rosultak h\u00e1zainak \u00fajra\u00e9p\u00edt\u00e9s\u00e9re \/1941\/, majd \u00fajra gy\u0171jt\u00f6ttek t\u00e9gl\u00e1kat, ezeket pedig a II. vil\u00e1gh\u00e1bor\u00fa katon\u00e1i bunkerek \u00e9p\u00edt\u00e9s\u00e9re ism\u00e9t elhordt\u00e1k.<\/p>\n<p>A templom\u00e9p\u00edt\u00e9shez sz\u00fcks\u00e9ges 332 n\u00f6l ter\u00fclet\u0171 telket 1948. december 15-\u00e9n a\u00a0 Monori J\u00e1r\u00e1s F\u0151jegyz\u0151je az Andr\u00e1ssy-telepi R\u00f3mai Katolikus Egyh\u00e1zk\u00f6zs\u00e9gnek tulajdonul \u00e1tengedte (6969\/1948. Martinovics t\u00e9r 413.hrsz. alatti k\u00f6zter\u00fcleten).<\/p>\n<p>A harmadik \u201enekirugaszkod\u00e1s\u201d 1949-ben volt, amikor akkori pl\u00e9b\u00e1nosunk, Kov\u00e1cs Alajos megkapta a budai\u00a0 Sas-hegyen \u00a0lebomb\u00e1zott\u00a0 Notre Dame de Sion N\u0151v\u00e9rek z\u00e1rd\u00e1j\u00e1nak, k\u00e1poln\u00e1j\u00e1nak \u00e9s iskol\u00e1j\u00e1nak \u00e9p\u00edt\u00e9si romjait. 1949. janu\u00e1rj\u00e1t\u00f3l \u00a0naponta 20-30 f\u0151, \u00a0Andr\u00e1ssy- telepi h\u00edv\u0151 heteken \u00e1t bej\u00e1rt a Sas-hegyre a romokat bontani, tiszt\u00edtani, \u00f6sszerakni, elsz\u00e1ll\u00edtani. A n\u0151v\u00e9rekt\u0151l kapott t\u00e9gla, vasgerenda, ablak-keretek, mozaiklapok, k\u00f6z\u00e9pnagys\u00e1g\u00fa harang, m\u00e1rv\u00e1nyolt\u00e1r \u00e9s legnagyobb \u00e9rt\u00e9kk\u00e9nt egy 11 m\u00e1zs\u00e1s carrarai m\u00e1rv\u00e1nyb\u00f3l k\u00e9sz\u00fclt feh\u00e9r Madonna szobor lett be\u00e9p\u00edtve \u00e9p\u00fcl\u0151 templomunkba. El\u0151deink 1949.nyar\u00e1n a templom alapj\u00e1t \u00e9s tart\u00f3falainak m\u00e1r t\u00f6bb mint a fel\u00e9t meg\u00e9p\u00edttett\u00e9k, de sajnos az akkori anyagi \u00e9s politikai t\u00e9nyez\u0151k miatt az \u00e9p\u00edtkez\u00e9s 1957. m\u00e1jus 30-ig le\u00e1llt.<\/p>\n<p>1951. \u00e1prilis 16-\u00e1n az Andr\u00e1ssy-telepi Lelk\u00e9szs\u00e9get \u00f6n\u00e1ll\u00f3 pl\u00e9b\u00e1niai rangra emelte a P\u00e9teri J\u00f3zsef v\u00e1ci p\u00fcsp\u00f6k.<\/p>\n<p>1957-ben Bogn\u00e1r Ferenc pl\u00e9b\u00e1nosunk szervez\u00e9s\u00e9vel &#8211; megk\u00fczdve az akkori \u201eer\u0151szakszervekkel\u201d: \u00c1llami Egyh\u00e1z\u00fcgyi Hivatal, K\u00f6zs\u00e9gi Tan\u00e1cs, J\u00e1r\u00e1si Tan\u00e1cs, F\u0151v\u00e1rosi Tan\u00e1cs, M\u0171vel\u0151d\u00e9si Miniszt\u00e9rium) &#8211; a v\u00e1ci egyh\u00e1zmegye seg\u00edts\u00e9g\u00e9vel, siker\u00fclt az enged\u00e9lyeket beszerezni. Aki ismeri az akkori magyarorsz\u00e1gi k\u00f6r\u00fclm\u00e9nyeket, biztos lehet benne, hogy h\u00edveink az egyh\u00e1z ir\u00e1nti szeretetb\u0151l sziklakem\u00e9ny imah\u00e1tter\u00fcket \u00e9s saj\u00e1t munk\u00e1jukat is odaaj\u00e1nd\u00e9kozt\u00e1k a templom\u00e9p\u00edt\u00e9s\u00e9hez az akkori h\u00edveink. Az enged\u00e9lyez\u00e9sek ut\u00e1n azonnal elkezd\u0151d\u00f6tt a munka.<\/p>\n<p>Ami m\u00e9g sz\u00fcks\u00e9ges volt, azt \u201e\u00f6sszekoldulta\u201d Ferenc atya: gy\u0171jt\u00e9sekb\u0151l, adom\u00e1nyokb\u00f3l imm\u00e1r fel\u00e9p\u00fclhetett a templomunk.<\/p>\n<p>Adom\u00e1nyoz\u00f3ink:<br \/>\n&#8211; mag\u00e1nszem\u00e9lyek,<br \/>\n&#8211; szomsz\u00e9dos \u00e9s az orsz\u00e1g t\u00e1volabbi pl\u00e9b\u00e1ni\u00e1it\u00f3l kapott k\u00f6lcs\u00f6n\u00f6k, \u00e9s adom\u00e1nyok (t\u00f6bb mint 20 pl\u00e9b\u00e1nia),<br \/>\n&#8211; Meyerink csal\u00e1d (Hollandia),<br \/>\n&#8211; egyh\u00e1zi k\u00f3rusok \u00e9s zenekarok m\u0171sorainak bev\u00e9telei,<br \/>\n&#8211; Actio Catholica Igazgat\u00f3s\u00e1ga,<br \/>\n&#8211; Ecclesia Sz\u00f6vetkezet,<br \/>\n&#8211; iparosok \u00e9s h\u00edveink ingyenes munk\u00e1jukkal seg\u00edtett\u00e9k folyamatosan az \u00e9p\u00edtkez\u00e9st.<\/p>\n<p>Templomunkat 1958. dec.14-\u00e9n szentelte fel Cs\u00edk J\u00f3zsef hatvani pr\u00e9post-pl\u00e9b\u00e1nos (a betegesked\u0151 p\u00fcsp\u00f6k \u00far megb\u00edz\u00e1s\u00e1b\u00f3l).<\/p>\n<p>Templomunk Sz\u0171z M\u00e1ria Szepl\u0151telen Sz\u00edve tisztelet\u00e9re \u00e9s oltalm\u00e1ra \u00e9p\u00fclt (Ez a titilusa).<\/p>\n<p>Hossza: 31 m, \u00a0sz\u00e9less\u00e9ge : 17,5 m. St\u00edlusa vegyes: modern \u00e9s g\u00f3tikus.<\/p>\n<p>A szent\u00e9lyben van elhelyezve a 3 m\u00e9ter magas feh\u00e9rm\u00e1rv\u00e1ny Sz\u0171z M\u00e1ria szobor. A harangok 1963-ben lettek a toronyba elhelyezve. A templom orgon\u00e1ja 1969-ben k\u00e9sz\u00fclt el. A templom keresztje is 1963-ban lett fel\u00e9p\u00edtve, g\u00f6mbj\u00e9ben helyezt\u00e9k el a templom \u00e9p\u00edt\u00e9s\u00e9nek t\u00f6rt\u00e9net\u00e9t, az adom\u00e1nyoz\u00f3k \u00e9s a templom\u00e9rt dolgoz\u00f3k neveit.<\/p>\n<p>A jobboldali Irgalmas J\u00e9zus mell\u00e9kolt\u00e1r 1999-ben, a baloldali Szent Hedvig mell\u00e9kolt\u00e1r 2000-ben \u00e9p\u00fclt lengyel testv\u00e9reink t\u00e1mogat\u00e1s\u00e1val. (Jozefowicz \u00a0M\u00e1ty\u00e1s pl\u00e9b\u00e1niai korm\u00e1nyz\u00f3 vezet\u00e9s\u00e9vel).<\/p>\n<p>Istent dics\u00e9rj\u00fck templomunk\u00e9rt \u00e9s mondunk k\u00f6sz\u00f6netet az \u00e1ldozatos \u00e9s seg\u00edt\u0151 embereknek!<\/p>\n<p><em>G\u00e1sp\u00e1r Csaba, vil\u00e1gi eln\u00f6k<\/em><\/p>\n<p>&nbsp;<\/p>\n<h2 style=\"text-align: center;\"><strong><span style=\"color: #ff0000;\"><code><\/code><code><\/code><code><\/code>Szent Erzs\u00e9bet k\u00e1poln\u00e1nk t\u00f6rt\u00e9net\u00e9b\u0151l<\/span><\/strong><\/h2>\n<p><a href=\"http:\/\/vecses-irgalmas.vaciegyhazmegye.hu\/wp-content\/uploads\/2015\/06\/kapolna2.jpg\"><img loading=\"lazy\" class=\" size-medium wp-image-49 aligncenter\" src=\"http:\/\/vecses-irgalmas.vaciegyhazmegye.hu\/wp-content\/uploads\/2015\/06\/kapolna2-300x119.jpg\" alt=\"\" width=\"300\" height=\"119\" srcset=\"https:\/\/vecses-irgalmas.vaciegyhazmegye.hu\/wp-content\/uploads\/2015\/06\/kapolna2-300x119.jpg 300w, https:\/\/vecses-irgalmas.vaciegyhazmegye.hu\/wp-content\/uploads\/2015\/06\/kapolna2.jpg 554w\" sizes=\"(max-width: 300px) 100vw, 300px\" \/><\/a><\/p>\n<p>A Halmi telepen \u00e9l\u0151 katolikus testv\u00e9rek a 40-es \u00e9vek v\u00e9g\u00e9n egy kis k\u00e1polna \u00e9p\u00edt\u00e9s\u00e9be kezdtek. Az akkori szeg\u00e9nys\u00e9gben \u00e9p\u00edt\u0151anyagot nem lehetett beszerezni, de a Notre Dame de Sion N\u0151v\u00e9rek nek\u00fcnk aj\u00e1nd\u00e9kozt\u00e1k a II. vil\u00e1gh\u00e1bor\u00faban lebomb\u00e1zott Sas hegyi iskol\u00e1juk, z\u00e1rd\u00e1juk \u00e9s k\u00e1poln\u00e1juk romjait. T\u00e1rsadalmi munk\u00e1val a romok sz\u00e9tbont\u00e1s\u00e1b\u00f3l kiv\u00e1logatott \u00e9p\u00edt\u00e9si anyagokat megpucolva lovas \u00e9s k\u00e9zikocsikon sz\u00e1ll\u00edtott\u00e1k Vecs\u00e9sre. Kov\u00e1cs Alajos pl\u00e9b\u00e1nos ir\u00e1ny\u00edt\u00e1s\u00e1val \u00e9p\u00fclt a k\u00e1polna, az \u00e9p\u00edtkez\u00e9s alatt pedig annak udvar\u00e1n tartott\u00e1k\u00a0\u00a0a\u00a0\u00a0vas\u00e1rnapi szentmis\u00e9ket.<\/p>\n<p>1950.\u00a0\u00a0Szent Erzs\u00e9bet napj\u00e1n, Feh\u00e9r J\u00e1nos prel\u00e1tus \u00far, (az egykori \u00d3 Pl\u00e9b\u00e1nia pl\u00e9b\u00e1nosa) szentelte fel a Szent Erzs\u00e9bet k\u00e1poln\u00e1t, amely\u00a045\u00a0\u00a0m<sup>2<\/sup>\u00a0alapter\u00fclet\u0171. Term\u00e9szetesen minden vas\u00e1rnap szentmis\u00e9t mutattak be.<\/p>\n<p>Az Andr\u00e1ssy-telepen ekkor a jelenlegi pl\u00e9b\u00e1nia-\u00e9p\u00fclet k\u00e9t \u00f6sszenyitott szob\u00e1j\u00e1ban mis\u00e9ztek 1958-ig. A 60-as \u00e9vek v\u00e9g\u00e9n a tiszai \u00e1rv\u00edz \u00e9s a TSZ-ek alap\u00edt\u00e1s\u00e1nak er\u0151ltet\u00e9se\u00a0\u00a0miatt igen sok Szabolcs megyei r\u00f3mai \u00e9s g\u00f6r\u00f6g katolikus h\u00edv\u0151 telepedett le Vecs\u00e9sen. (Mai napig minden h\u00f3nap utols\u00f3 vas\u00e1rnapj\u00e1n g\u00f6r\u00f6g katolikus szertart\u00e1s\u00fa szentmis\u00e9t is tartunk.) T\u00f6bbsz\u00f6r el\u0151fordult, hogy a k\u00e1poln\u00e1ba nem f\u00e9rtek be a h\u00edvek, illetve t\u00falzs\u00fafolts\u00e1g miatt t\u00f6bben rosszul lettek.<\/p>\n<p>V\u00e1rosunk l\u00e9tsz\u00e1ma akkoriban a Halmi telepen fejl\u0151d\u00f6tt a leggyorsabban. Egyh\u00e1zk\u00f6zs\u00e9g\u00fcnk K\u00e9pvisel\u0151 Test\u00fclete, az itt \u00e9l\u0151k sz\u00ednvonalasabb lelki gondoz\u00e1s\u00e1nak biztos\u00edt\u00e1sa \u00e9rdek\u00e9ben 1999. \u00e9s 2000. \u00e9vben\u00a0\u00a058\u00a0\u00a0m<sup>2<\/sup>,hozz\u00e1 \u00e9p\u00edt\u00e9s\u00e9vel b\u0151v\u00edtette a k\u00e1poln\u00e1t.<\/p>\n<p>A k\u00f6lts\u00e9geket p\u00fcsp\u00f6ki \u00e9s \u00f6nk\u00e9ntes adom\u00e1nyokb\u00f3l, a temet\u0151 melletti telkek elad\u00e1s\u00e1b\u00f3l fedezt\u00fck, \u00e9s 2001. m\u00e1jus\u00e1ra siker\u00fclt befejezni az \u00e9p\u00edtkez\u00e9st. 2001. m\u00e1jus\u00a0\u00a05-\u00e9n dr. Keszthelyi Ferenc p\u00fcsp\u00f6k \u00far \u00e1ldotta meg a megnagyobb\u00edtott kis templomot. Az \u00e9p\u00edtkez\u00e9st pedig a K\u00f6zter\u00e9p Kft. v\u00e9gezte. A kertben Poly\u00e1k Mih\u00e1ly faszobr\u00e1sz gy\u00f6ny\u00f6r\u0171 fakeresztje \u00e1ll, amely Nagy Istv\u00e1n Elek \u00e9s csal\u00e1dja aj\u00e1nd\u00e9ka.<\/p>\n<p>El\u0151deink a k\u00e1polna \u00e9p\u00edt\u00e9s\u00e9nek kezdetekor, Isten seg\u00edts\u00e9g\u00e9ben b\u00edzva, a vall\u00e1si elnyom\u00e1s ellen\u00e9re, szil\u00e1rd hittel, \u00f6nfel\u00e1ldoz\u00e1ssal fogtak \u00f6ssze.\u00a0\u00a0A b\u0151v\u00edt\u00e9si munk\u00e1kat mi m\u00e1r b\u00e9k\u00e9sebb k\u00f6r\u00fclm\u00e9nyek k\u00f6z\u00f6tt, b\u00edzva a k\u00f6vetkez\u0151 nemzed\u00e9kek vall\u00e1si ig\u00e9nyeiben, Isten seg\u00edts\u00e9g\u00e9vel \u00e9s dics\u0151s\u00e9g\u00e9re, embert\u00e1rsaink jav\u00e1ra v\u00e9gezt\u00fck.<\/p>\n<p>Im\u00e1dkoz\u00f3 h\u00e1l\u00e1val eml\u00e9kez\u00fcnk el\u0151deink p\u00e9ldamutat\u00f3 cselekedeteire!<\/p>\n<p><em>G\u00e1sp\u00e1r Csaba, vil\u00e1gi eln\u00f6k<\/em><\/p>\n","protected":false},"excerpt":{"rendered":"<p>pl\u00e9b\u00e1niatemplomunk\u00a0 &#8211;\u00a0\u00a0k\u00e1poln\u00e1nk Templomfel\u00faj\u00edt\u00e1sunkr\u00f3l (2014) itt olvashat&#8230; Erzs\u00e9bet t\u00e9ri pl\u00e9b\u00e1niatemplomunk t\u00f6rt\u00e9net\u00e9b\u0151l 55 \u00e9ves \u00fcnnepl\u00e9s\u00fcnk Meg\u00fcnnepelt\u00fck templomunk felszentel\u00e9s\u00e9nek 55. \u00e9vfordul\u00f3j\u00e1t (napra pontosan!). T\u00f6bb dologgal is gazdagodtunk: templomunk fal\u00e1n elhelyezt\u00fcnk egy eml\u00e9kt\u00e1bl\u00e1t, melynek sz\u00f6veg\u00e9t a tegnapi \u201eh\u00edrlev\u00e9l-k\u00fcl\u00f6nsz\u00e1m\u201d tartalmazza (akinek nem jutott, az megtal\u00e1lja <a class=\"more-link\" href=\"https:\/\/vecses-irgalmas.vaciegyhazmegye.hu\/?page_id=42\">Tov\u00e1bb <span class=\"screen-reader-text\">  pl\u00e9b\u00e1niatemplomunk \u00e9s k\u00e1poln\u00e1nk<\/span><span class=\"meta-nav\">&rarr;<\/span><\/a><\/p>\n","protected":false},"author":1,"featured_media":0,"parent":28,"menu_order":0,"comment_status":"open","ping_status":"closed","template":"","meta":[],"_links":{"self":[{"href":"https:\/\/vecses-irgalmas.vaciegyhazmegye.hu\/index.php?rest_route=\/wp\/v2\/pages\/42"}],"collection":[{"href":"https:\/\/vecses-irgalmas.vaciegyhazmegye.hu\/index.php?rest_route=\/wp\/v2\/pages"}],"about":[{"href":"https:\/\/vecses-irgalmas.vaciegyhazmegye.hu\/index.php?rest_route=\/wp\/v2\/types\/page"}],"author":[{"embeddable":true,"href":"https:\/\/vecses-irgalmas.vaciegyhazmegye.hu\/index.php?rest_route=\/wp\/v2\/users\/1"}],"replies":[{"embeddable":true,"href":"https:\/\/vecses-irgalmas.vaciegyhazmegye.hu\/index.php?rest_route=%2Fwp%2Fv2%2Fcomments&post=42"}],"version-history":[{"count":12,"href":"https:\/\/vecses-irgalmas.vaciegyhazmegye.hu\/index.php?rest_route=\/wp\/v2\/pages\/42\/revisions"}],"predecessor-version":[{"id":137,"href":"https:\/\/vecses-irgalmas.vaciegyhazmegye.hu\/index.php?rest_route=\/wp\/v2\/pages\/42\/revisions\/137"}],"up":[{"embeddable":true,"href":"https:\/\/vecses-irgalmas.vaciegyhazmegye.hu\/index.php?rest_route=\/wp\/v2\/pages\/28"}],"wp:attachment":[{"href":"https:\/\/vecses-irgalmas.vaciegyhazmegye.hu\/index.php?rest_route=%2Fwp%2Fv2%2Fmedia&parent=42"}],"curies":[{"name":"wp","href":"https:\/\/api.w.org\/{rel}","templated":true}]}}