{"id":58,"date":"2015-06-07T17:53:58","date_gmt":"2015-06-07T15:53:58","guid":{"rendered":"http:\/\/vecses.vaciegyhazmegye.hu\/vecses-irgalmas.vaciegyhazmegye.hu\/?page_id=58"},"modified":"2020-04-08T16:28:03","modified_gmt":"2020-04-08T14:28:03","slug":"szentsegimadas","status":"publish","type":"page","link":"https:\/\/vecses-irgalmas.vaciegyhazmegye.hu\/?page_id=58","title":{"rendered":"szents\u00e9gim\u00e1d\u00e1s"},"content":{"rendered":"<h1><a href=\"http:\/\/vecses-irgalmas.vaciegyhazmegye.hu\/wp-content\/uploads\/2015\/06\/kehely.jpg\"><img loading=\"lazy\" class=\"alignleft size-full wp-image-56\" src=\"http:\/\/vecses-irgalmas.vaciegyhazmegye.hu\/wp-content\/uploads\/2015\/06\/kehely.jpg\" alt=\"kehely\" width=\"98\" height=\"212\" \/><\/a><span style=\"color: #339966;\">Csendes szents\u00e9gim\u00e1d\u00e1s,<br \/>\nnyitott templom&#8230;<\/span><\/h1>\n<p><strong>Minden vas\u00e1rnap<br \/>\nh\u00edv \u00e9s v\u00e1r T\u00e9ged is az \u00dar, hogy<\/strong><\/p>\n<p><strong>&#8211; <\/strong><strong>aj\u00e1nd\u00e9kozz neki t\u00f6bb id\u0151t<\/strong><\/p>\n<p><strong>&#8211; <\/strong><strong>csendet teremts magad k\u00f6r\u00fcl \u00e9s magadban<\/strong><\/p>\n<p><strong>&#8211; i<\/strong><strong>m\u00e1dkozz magad\u00e9rt, szeretteid\u00e9rt, egyh\u00e1zad\u00e9rt, haz\u00e1d\u00e9rt<\/strong><\/p>\n<\/p>\n<p><strong>Ez\u00e9rt minden vas\u00e1rnap d\u00e9lut\u00e1n 4 \u00e9s 6 \u00f3ra k\u00f6z\u00f6tt nyitva van az Erzs\u00e9bet t\u00e9ri templomunk.<\/strong><\/p>\n<p><em><strong>Els\u0151vas\u00e1rnaponk\u00e9nt f\u00e9l hatkor k\u00f6z\u00f6s ima\u00f3r\u00e1t tartunk.<\/strong><\/em><\/p>\n<p>Tov\u00e1bbra is ugyan\u00edgy csendes szents\u00e9gim\u00e1d\u00e1s van minden p\u00e9nteken az irgalmass\u00e1g imaprogram keret\u00e9ben: 14.30 \u00e9s 15.00 k\u00f6z\u00f6tt!<\/p>\n<p><em>Ha a szents\u00e9gim\u00e1d\u00e1si szolg\u00e1latban is r\u00e9szt venn\u00e9l, \u00f6r\u00f6mmel vessz\u00fck jelentkez\u00e9sedet!<\/em><\/p><\/p>\n","protected":false},"excerpt":{"rendered":"<p>Csendes szents\u00e9gim\u00e1d\u00e1s, nyitott templom&#8230; Minden vas\u00e1rnap h\u00edv \u00e9s v\u00e1r T\u00e9ged is az \u00dar, hogy &#8211; aj\u00e1nd\u00e9kozz neki t\u00f6bb id\u0151t &#8211; csendet teremts magad k\u00f6r\u00fcl \u00e9s magadban &#8211; im\u00e1dkozz magad\u00e9rt, szeretteid\u00e9rt, egyh\u00e1zad\u00e9rt, haz\u00e1d\u00e9rt Ez\u00e9rt minden vas\u00e1rnap d\u00e9lut\u00e1n 4 \u00e9s 6 \u00f3ra <a class=\"more-link\" href=\"https:\/\/vecses-irgalmas.vaciegyhazmegye.hu\/?page_id=58\">Tov\u00e1bb <span class=\"screen-reader-text\">  szents\u00e9gim\u00e1d\u00e1s<\/span><span class=\"meta-nav\">&rarr;<\/span><\/a><\/p>\n","protected":false},"author":1,"featured_media":0,"parent":34,"menu_order":0,"comment_status":"closed","ping_status":"open","template":"","meta":[],"_links":{"self":[{"href":"https:\/\/vecses-irgalmas.vaciegyhazmegye.hu\/index.php?rest_route=\/wp\/v2\/pages\/58"}],"collection":[{"href":"https:\/\/vecses-irgalmas.vaciegyhazmegye.hu\/index.php?rest_route=\/wp\/v2\/pages"}],"about":[{"href":"https:\/\/vecses-irgalmas.vaciegyhazmegye.hu\/index.php?rest_route=\/wp\/v2\/types\/page"}],"author":[{"embeddable":true,"href":"https:\/\/vecses-irgalmas.vaciegyhazmegye.hu\/index.php?rest_route=\/wp\/v2\/users\/1"}],"replies":[{"embeddable":true,"href":"https:\/\/vecses-irgalmas.vaciegyhazmegye.hu\/index.php?rest_route=%2Fwp%2Fv2%2Fcomments&post=58"}],"version-history":[{"count":5,"href":"https:\/\/vecses-irgalmas.vaciegyhazmegye.hu\/index.php?rest_route=\/wp\/v2\/pages\/58\/revisions"}],"predecessor-version":[{"id":453,"href":"https:\/\/vecses-irgalmas.vaciegyhazmegye.hu\/index.php?rest_route=\/wp\/v2\/pages\/58\/revisions\/453"}],"up":[{"embeddable":true,"href":"https:\/\/vecses-irgalmas.vaciegyhazmegye.hu\/index.php?rest_route=\/wp\/v2\/pages\/34"}],"wp:attachment":[{"href":"https:\/\/vecses-irgalmas.vaciegyhazmegye.hu\/index.php?rest_route=%2Fwp%2Fv2%2Fmedia&parent=58"}],"curies":[{"name":"wp","href":"https:\/\/api.w.org\/{rel}","templated":true}]}}