{"id":80,"date":"2015-06-07T19:27:28","date_gmt":"2015-06-07T17:27:28","guid":{"rendered":"http:\/\/vecses.vaciegyhazmegye.hu\/vecses-irgalmas.vaciegyhazmegye.hu\/?page_id=80"},"modified":"2016-01-23T20:46:43","modified_gmt":"2016-01-23T18:46:43","slug":"latni-es-hallgatnivalok","status":"publish","type":"page","link":"https:\/\/vecses-irgalmas.vaciegyhazmegye.hu\/?page_id=80","title":{"rendered":"l\u00e1tni- \u00e9s hallgatnival\u00f3k"},"content":{"rendered":"<h1><span style=\"color: #339966;\">Szeretettel aj\u00e1nljuk l\u00e1tni- \u00e9s hallgatnival\u00f3inkat:<\/span><\/h1>\n<h1><span style=\"color: #ff0000;\">&#8211; f\u00e9nyk\u00e9peinket: <a href=\"\/egyeb\/latni_hallani\/fenykepek.html\">b\u0151vebben itt&#8230;<\/a><\/span><\/h1>\n<h1><span style=\"color: #ff0000;\">&#8211; vide\u00f3inkat: <a href=\"\/egyeb\/latni_hallani\/videok.html\">b\u0151vebben itt&#8230;<\/a><\/span><\/h1>\n<h1><span style=\"color: #ff0000;\">&#8211; \u00e9s egy-k\u00e9t meghallgatnival\u00f3t: <a href=\"\/egyeb\/latni_hallani\/hallgatnivalok.html\">b\u0151vebben itt&#8230;<\/a><\/span><\/h1>\n","protected":false},"excerpt":{"rendered":"<p>Szeretettel aj\u00e1nljuk l\u00e1tni- \u00e9s hallgatnival\u00f3inkat: &#8211; f\u00e9nyk\u00e9peinket: b\u0151vebben itt&#8230; &#8211; vide\u00f3inkat: b\u0151vebben itt&#8230; &#8211; \u00e9s egy-k\u00e9t meghallgatnival\u00f3t: b\u0151vebben itt&#8230;<\/p>\n","protected":false},"author":1,"featured_media":0,"parent":28,"menu_order":0,"comment_status":"closed","ping_status":"open","template":"","meta":[],"_links":{"self":[{"href":"https:\/\/vecses-irgalmas.vaciegyhazmegye.hu\/index.php?rest_route=\/wp\/v2\/pages\/80"}],"collection":[{"href":"https:\/\/vecses-irgalmas.vaciegyhazmegye.hu\/index.php?rest_route=\/wp\/v2\/pages"}],"about":[{"href":"https:\/\/vecses-irgalmas.vaciegyhazmegye.hu\/index.php?rest_route=\/wp\/v2\/types\/page"}],"author":[{"embeddable":true,"href":"https:\/\/vecses-irgalmas.vaciegyhazmegye.hu\/index.php?rest_route=\/wp\/v2\/users\/1"}],"replies":[{"embeddable":true,"href":"https:\/\/vecses-irgalmas.vaciegyhazmegye.hu\/index.php?rest_route=%2Fwp%2Fv2%2Fcomments&post=80"}],"version-history":[{"count":4,"href":"https:\/\/vecses-irgalmas.vaciegyhazmegye.hu\/index.php?rest_route=\/wp\/v2\/pages\/80\/revisions"}],"predecessor-version":[{"id":269,"href":"https:\/\/vecses-irgalmas.vaciegyhazmegye.hu\/index.php?rest_route=\/wp\/v2\/pages\/80\/revisions\/269"}],"up":[{"embeddable":true,"href":"https:\/\/vecses-irgalmas.vaciegyhazmegye.hu\/index.php?rest_route=\/wp\/v2\/pages\/28"}],"wp:attachment":[{"href":"https:\/\/vecses-irgalmas.vaciegyhazmegye.hu\/index.php?rest_route=%2Fwp%2Fv2%2Fmedia&parent=80"}],"curies":[{"name":"wp","href":"https:\/\/api.w.org\/{rel}","templated":true}]}}