{"id":85,"date":"2015-06-07T20:10:24","date_gmt":"2015-06-07T18:10:24","guid":{"rendered":"http:\/\/vecses.vaciegyhazmegye.hu\/vecses-irgalmas.vaciegyhazmegye.hu\/?page_id=85"},"modified":"2015-06-07T20:10:24","modified_gmt":"2015-06-07T18:10:24","slug":"lelki-sarok","status":"publish","type":"page","link":"https:\/\/vecses-irgalmas.vaciegyhazmegye.hu\/?page_id=85","title":{"rendered":"Lelki sarok"},"content":{"rendered":"<p><em><span style=\"color: #339966;\">&#8230; mert lelk\u00fcnk \u00f6r\u00f6k, ez\u00e9rt m\u00e9g t\u00f6bbet kell vele t\u00f6r\u0151dn\u00fcnk, mint test\u00fcnkkel&#8230;<\/span><\/em><\/p>\n<p>N\u00e9h\u00e1ny sz\u00e9p aj\u00e1nlatot megtekinthet\u00fcnk a men\u00fcpontok seg\u00edts\u00e9g\u00e9vel (oldalt)&#8230;<\/p>\n","protected":false},"excerpt":{"rendered":"<p>&#8230; mert lelk\u00fcnk \u00f6r\u00f6k, ez\u00e9rt m\u00e9g t\u00f6bbet kell vele t\u00f6r\u0151dn\u00fcnk, mint test\u00fcnkkel&#8230; N\u00e9h\u00e1ny sz\u00e9p aj\u00e1nlatot megtekinthet\u00fcnk a men\u00fcpontok seg\u00edts\u00e9g\u00e9vel (oldalt)&#8230;<\/p>\n","protected":false},"author":1,"featured_media":0,"parent":0,"menu_order":0,"comment_status":"closed","ping_status":"open","template":"","meta":[],"_links":{"self":[{"href":"https:\/\/vecses-irgalmas.vaciegyhazmegye.hu\/index.php?rest_route=\/wp\/v2\/pages\/85"}],"collection":[{"href":"https:\/\/vecses-irgalmas.vaciegyhazmegye.hu\/index.php?rest_route=\/wp\/v2\/pages"}],"about":[{"href":"https:\/\/vecses-irgalmas.vaciegyhazmegye.hu\/index.php?rest_route=\/wp\/v2\/types\/page"}],"author":[{"embeddable":true,"href":"https:\/\/vecses-irgalmas.vaciegyhazmegye.hu\/index.php?rest_route=\/wp\/v2\/users\/1"}],"replies":[{"embeddable":true,"href":"https:\/\/vecses-irgalmas.vaciegyhazmegye.hu\/index.php?rest_route=%2Fwp%2Fv2%2Fcomments&post=85"}],"version-history":[{"count":1,"href":"https:\/\/vecses-irgalmas.vaciegyhazmegye.hu\/index.php?rest_route=\/wp\/v2\/pages\/85\/revisions"}],"predecessor-version":[{"id":86,"href":"https:\/\/vecses-irgalmas.vaciegyhazmegye.hu\/index.php?rest_route=\/wp\/v2\/pages\/85\/revisions\/86"}],"wp:attachment":[{"href":"https:\/\/vecses-irgalmas.vaciegyhazmegye.hu\/index.php?rest_route=%2Fwp%2Fv2%2Fmedia&parent=85"}],"curies":[{"name":"wp","href":"https:\/\/api.w.org\/{rel}","templated":true}]}}