{"id":88,"date":"2015-06-07T20:19:45","date_gmt":"2015-06-07T18:19:45","guid":{"rendered":"http:\/\/vecses.vaciegyhazmegye.hu\/vecses-irgalmas.vaciegyhazmegye.hu\/?page_id=88"},"modified":"2015-06-07T20:19:45","modified_gmt":"2015-06-07T18:19:45","slug":"mas-honlapok-ajanlasa","status":"publish","type":"page","link":"https:\/\/vecses-irgalmas.vaciegyhazmegye.hu\/?page_id=88","title":{"rendered":"M\u00e1s honlapok aj\u00e1nl\u00e1sa"},"content":{"rendered":"<h2><span style=\"color: #ff0000;\">Szeretettel aj\u00e1nljuk a k\u00f6vetkez\u0151 honlapokat megtekint\u00e9sre, olvasgat\u00e1sra:<\/span><\/h2>\n<p>&#8211; testv\u00e9rpl\u00e9b\u00e1ni\u00e1nk k\u00f6zvetlen oldala: <a href=\"http:\/\/vecses-ovaros.vaciegyhazmegye.hu\/\" target=\"_blank\">www.vecses-ovaros.vaciegyhazmegye.hu<\/a><br \/>\nk\u00f6z\u00f6s nyit\u00f3oldalunk: <a href=\"http:\/\/www.vecses.vaciegyhazmegye.hu\">www.vecses.vaciegyhazmegye.hu<\/a><\/p>\n<p>&#8211; v\u00e1ci egyh\u00e1zmegy\u00e9nk oldala (ahov\u00e1 tartozunk): <a href=\"http:\/\/www.vaciegyhazmegye.hu\" target=\"_blank\">www.vaciegyhazmegye.hu<\/a><\/p>\n<p>&#8211; magyar katolikus egyh\u00e1z:\u00a0<a href=\"http:\/\/uj.katolikus.hu\/\" target=\"_blank\">www.katolikus.hu<\/a><\/p>\n<p>&#8211; karit\u00e1sz:\u00a0<a href=\"http:\/\/www.karitasz.hu\/\" target=\"_blank\">www.karitasz.hu<\/a><\/p>\n<p>&#8211; Testi-Lelki Seg\u00edts\u00e9g Alap\u00edtv\u00e1ny (sz\u00e9khelye a pl\u00e9b\u00e1ni\u00e1nk): <a href=\"http:\/\/www.eljvele.hu\/alapitvany\" target=\"_blank\">www.eljvele.hu\/alapitvany<\/a><\/p>\n<p>&#8211; Krisztusf\u00fcz\u00e9r honlapja: <a href=\"http:\/\/www.krisztusfuzer.hu\" target=\"_blank\">www.krisztusfuzer.hu<\/a><\/p>\n","protected":false},"excerpt":{"rendered":"<p>Szeretettel aj\u00e1nljuk a k\u00f6vetkez\u0151 honlapokat megtekint\u00e9sre, olvasgat\u00e1sra: &#8211; testv\u00e9rpl\u00e9b\u00e1ni\u00e1nk k\u00f6zvetlen oldala: www.vecses-ovaros.vaciegyhazmegye.hu k\u00f6z\u00f6s nyit\u00f3oldalunk: www.vecses.vaciegyhazmegye.hu &#8211; v\u00e1ci egyh\u00e1zmegy\u00e9nk oldala (ahov\u00e1 tartozunk): www.vaciegyhazmegye.hu &#8211; magyar katolikus egyh\u00e1z:\u00a0www.katolikus.hu &#8211; karit\u00e1sz:\u00a0www.karitasz.hu &#8211; Testi-Lelki Seg\u00edts\u00e9g Alap\u00edtv\u00e1ny (sz\u00e9khelye a pl\u00e9b\u00e1ni\u00e1nk): www.eljvele.hu\/alapitvany &#8211; Krisztusf\u00fcz\u00e9r honlapja: www.krisztusfuzer.hu<\/p>\n","protected":false},"author":1,"featured_media":0,"parent":0,"menu_order":0,"comment_status":"closed","ping_status":"open","template":"","meta":[],"_links":{"self":[{"href":"https:\/\/vecses-irgalmas.vaciegyhazmegye.hu\/index.php?rest_route=\/wp\/v2\/pages\/88"}],"collection":[{"href":"https:\/\/vecses-irgalmas.vaciegyhazmegye.hu\/index.php?rest_route=\/wp\/v2\/pages"}],"about":[{"href":"https:\/\/vecses-irgalmas.vaciegyhazmegye.hu\/index.php?rest_route=\/wp\/v2\/types\/page"}],"author":[{"embeddable":true,"href":"https:\/\/vecses-irgalmas.vaciegyhazmegye.hu\/index.php?rest_route=\/wp\/v2\/users\/1"}],"replies":[{"embeddable":true,"href":"https:\/\/vecses-irgalmas.vaciegyhazmegye.hu\/index.php?rest_route=%2Fwp%2Fv2%2Fcomments&post=88"}],"version-history":[{"count":1,"href":"https:\/\/vecses-irgalmas.vaciegyhazmegye.hu\/index.php?rest_route=\/wp\/v2\/pages\/88\/revisions"}],"predecessor-version":[{"id":89,"href":"https:\/\/vecses-irgalmas.vaciegyhazmegye.hu\/index.php?rest_route=\/wp\/v2\/pages\/88\/revisions\/89"}],"wp:attachment":[{"href":"https:\/\/vecses-irgalmas.vaciegyhazmegye.hu\/index.php?rest_route=%2Fwp%2Fv2%2Fmedia&parent=88"}],"curies":[{"name":"wp","href":"https:\/\/api.w.org\/{rel}","templated":true}]}}